{"id":9,"date":"2009-03-09T21:41:54","date_gmt":"2009-03-09T20:41:54","guid":{"rendered":"http:\/\/adopcja.vizz.pl\/?page_id=9"},"modified":"2026-03-30T16:33:57","modified_gmt":"2026-03-30T15:33:57","slug":"kontakt","status":"publish","type":"page","link":"https:\/\/adopcja.wroclaw.pl\/?page_id=9","title":{"rendered":"Kontakt"},"content":{"rendered":"\n<h3 class=\"wp-block-heading has-ibm-plex-serif-font-family has-big-font-size\" style=\"text-transform:none\"><strong>Archidiecezjalny O\u015brodek Adopcyjny we Wroc\u0142awiu<\/strong><\/h3>\n\n\n\n<div class=\"wp-block-group is-vertical is-layout-flex wp-container-core-group-is-layout-1 wp-block-group-is-layout-flex\">\n<p class=\"has-ibm-plex-serif-font-family has-medium-font-size\" style=\"text-transform:none\">Drodzy Pa\u0144stwo,<\/p>\n\n\n\n<p class=\"has-ibm-plex-serif-font-family has-medium-font-size\" style=\"text-transform:none\">jeste\u015bmy zespo\u0142em zgranym i zaanga\u017cowanym, ale \u2013 nielicznym. Je\u015bli nie mog\u0105 si\u0119 Pa\u0144stwo do nas dodzwoni\u0107, oznacza to, \u017ce w\u0142a\u015bnie prowadzone s\u0105 diagnozy psychologiczne, trwaj\u0105 rozmowy psychologiczno \u2013 pedagogiczne, szkolimy si\u0119, jeste\u015bmy w delegacji lub uczestniczymy w jednej z wielu Komisji Kwalifikacyjnych O\u015brodka. <\/p>\n\n\n\n<p class=\"has-ibm-plex-serif-font-family has-medium-font-size\" style=\"text-transform:none\">Prosimy o kontakt mailowy, na ka\u017cdy mail odpowiemy lub \u2013 wed\u0142ug Pa\u0144stwa potrzeb \u2013 oddzwonimy.<\/p>\n\n\n\n<p class=\"has-ibm-plex-serif-font-family has-medium-font-size\" style=\"text-transform:none\">Przepraszamy i dzi\u0119kujemy za wyrozumia\u0142o\u015b\u0107.<\/p>\n\n\n\n<p class=\"has-ibm-plex-serif-font-family has-medium-font-size\" style=\"text-transform:none\">Zapraszamy do kontaktu!<\/p>\n\n\n\n<h6 class=\"wp-block-heading has-ibm-plex-serif-font-family has-big-font-size\"><strong>Adres:<\/strong><\/h6>\n\n\n\n<p class=\"has-ibm-plex-serif-font-family has-medium-font-size\" style=\"text-transform:none\">ul. Katedralna 4\/12, 50-328 Wroc\u0142aw<\/p>\n\n\n\n<p class=\"has-ibm-plex-serif-font-family has-medium-font-size\" style=\"text-transform:none\"><strong>tel.\/fax. 71 327 11 03<\/strong><\/p>\n\n\n\n<p style=\"font-size:clamp(14px, 0.875rem + ((1vw - 3.2px) * 0.244), 18px);\"><a href=\"https:\/\/maps.app.goo.gl\/zhhNvbpzPFaGrAtM9\">Tutaj mo\u017cna nas znale\u017a\u0107 <\/a><\/p>\n\n\n<div id=\"wpgmza_map\" class=\"wpgmza_map\" data-settings='{\"id\":\"1\",\"map_title\":\"My first map\",\"map_width\":\"600\",\"map_height\":\"400\",\"map_start_lat\":\"51.114732\",\"map_start_lng\":\"17.041244\",\"map_start_location\":\"51.114731582157866,17.041244208953906\",\"map_start_zoom\":\"16\",\"default_marker\":\"\",\"type\":\"1\",\"alignment\":\"1\",\"directions_enabled\":\"0\",\"styling_enabled\":\"0\",\"styling_json\":\"\",\"active\":\"0\",\"kml\":\"\",\"bicycle\":\"0\",\"traffic\":\"0\",\"dbox\":\"0\",\"dbox_width\":\"\",\"listmarkers\":\"0\",\"listmarkers_advanced\":\"0\",\"filterbycat\":\"0\",\"ugm_enabled\":\"0\",\"fusion\":\"\",\"map_width_type\":\"px\",\"map_height_type\":\"px\",\"mass_marker_support\":\"1\",\"ugm_access\":\"0\",\"order_markers_by\":\"0\",\"order_markers_choice\":\"0\",\"show_user_location\":\"0\",\"ugm_category_enabled\":\"0\",\"default_to\":\"\",\"other_settings\":{\"transport_layer\":null}}' data-map-id='1' Data-maps-engine='google-maps' data-shortcode-attributes='{\"id\":\"1\"}' style=\"display:block; overflow:auto; width:600px; height:400px; float:left;\"><\/div><\/div>\n\n\n\n<div class=\"wp-block-group is-vertical is-layout-flex wp-container-core-group-is-layout-2 wp-block-group-is-layout-flex\">\n<h6 class=\"wp-block-heading has-ibm-plex-serif-font-family has-big-font-size\"><strong>O\u015brodek czynny:<\/strong><\/h6>\n\n\n\n<p class=\"has-ibm-plex-serif-font-family has-medium-font-size\" style=\"text-transform:none\">poniedzia\u0142ek, \u015broda:&nbsp; 8:00 &#8211; 18:00<\/p>\n\n\n\n<p class=\"has-ibm-plex-serif-font-family has-medium-font-size\" style=\"text-transform:none\">wtorek, czwartek:&nbsp; 8:00 &#8211; 15:00<\/p>\n\n\n\n<p class=\"has-ibm-plex-serif-font-family has-medium-font-size\" style=\"text-transform:none\"><span style=\"font-size: revert;\">pi\u0105tek: &nbsp;8:00 &#8211; 14:00<\/span><\/p>\n<\/div>\n\n\n\n<div class=\"wp-block-group is-vertical is-layout-flex wp-container-core-group-is-layout-3 wp-block-group-is-layout-flex\">\n<h6 class=\"wp-block-heading has-ibm-plex-serif-font-family has-big-font-size\" style=\"text-transform:none\"><strong>Napisz do nas:<\/strong><\/h6>\n\n\n\n<h6 class=\"wp-block-heading has-ibm-plex-serif-font-family has-medium-font-size\" style=\"text-transform:none\"><strong>archidiecezjalny@adopcja.wroclaw.pl<\/strong><\/h6>\n<\/div>\n\n\n\n<div class=\"wp-block-group is-vertical is-layout-flex wp-container-core-group-is-layout-4 wp-block-group-is-layout-flex\">\n<p style=\"text-transform:none\"><span style=\"font-family: Arial, sans-serif;\"><span style=\"font-size: small;\">Szanowni Pa\u0144stwo, <\/span><\/span><\/p>\n\n\n\n<p style=\"text-transform:none\"><span style=\"font-family: Arial, sans-serif;\"><span style=\"font-size: small;\">Maj\u0105c na wzgl\u0119dzie dba\u0142o\u015b\u0107 o w\u0142a\u015bciwe dysponowanie danymi osobowymi, zgodnie z przepisami Rozporz\u0105dzenia Parlamentu Europejskiego i Rady Unii Europejskiej 216\/679 z dnia 27 kwietnia 2016 r. w sprawie ochrony os\u00f3b fizycznych w zwi\u0105zku z przetwarzaniem danych osobowych i w sprawie swobodnego przep\u0142ywu takich danych oraz uchylenia dyrektywy 95\/46\/WE (og\u00f3lne rozporz\u0105dzenie o ochronie danych osobowych) a w szczeg\u00f3lno\u015bci art. 13 tego rozporz\u0105dzenia, uprzejmie informujemy co nast\u0119puje.<\/span><\/span><\/p>\n\n\n\n<p style=\"text-transform:none\"><span style=\"font-size: small;\">1. <\/span><span style=\"font-family: Arial, sans-serif;\"><span style=\"font-size: small;\">Administratorem Pani\/Pana danych osobowych jest Archidiecezjalny O\u015brodek Adopcyjny we Wroc\u0142awiu, ul. Katedralna 4\/12, 50-328 Wroc\u0142aw. Z administratorem danych mo\u017cna si\u0119 skontaktowa\u0107 osobi\u015bcie lub telefonicznie pod numerem +48 71 3271103 albo poprzez adres e-mail: archidiecezjalny@adopcja.wroclaw.pl <\/span><\/span><\/p>\n\n\n\n<p style=\"text-transform:none\"><span style=\"font-family: Arial, sans-serif;\"><span style=\"font-size: small;\">2. Przekazane Pa\u0144stwa dane osobowe przetwarzane b\u0119d\u0105 w celu ustawowych zada\u0144 Archidiecezjalnego O\u015brodka Adopcyjnego we Wroc\u0142awiu, tzn. w celu i w zakresie niezb\u0119dnym do przeprowadzenia procedur zwi\u0105zanych z przysposobieniem oraz wsparciem postadopcyjnym. <\/span><\/span><\/p>\n\n\n\n<p style=\"text-transform:none\"><span style=\"font-family: Arial, sans-serif;\"><span style=\"font-size: small;\">3. Przys\u0142uguje Pani\/Panu:<\/span><\/span><\/p>\n\n\n\n<p style=\"text-transform:none\"><span style=\"font-family: Arial, sans-serif;\"><span style=\"font-size: small;\">a) prawo dost\u0119pu do swoich danych oraz otrzymania ich kopii;<\/span><\/span><\/p>\n\n\n\n<p style=\"text-transform:none\"><span style=\"font-family: Arial, sans-serif;\"><span style=\"font-size: small;\">b) prawo do sprostowania (poprawiania) swoich danych;<\/span><\/span><\/p>\n\n\n\n<p style=\"text-transform:none\"><span style=\"font-family: Arial, sans-serif;\"><span style=\"font-size: small;\">c) prawo wniesienia sprzeciwu wobec przetwarzania danych;<\/span><\/span><\/p>\n\n\n\n<p style=\"text-transform:none\"><span style=\"font-family: Arial, sans-serif;\"><span style=\"font-size: small;\">d) prawo do usuni\u0119cia danych lub do ograniczenia przetwarzania danych w przypadkach okre\u015blonych w art. 17 i 18 og\u00f3lnego rozporz\u0105dzenia o ochronie danych osobowych.<\/span><\/span><\/p>\n\n\n\n<p style=\"text-transform:none\"><span style=\"font-family: Arial, sans-serif;\"><span style=\"font-size: small;\">e) prawo do przenoszenia danych;<\/span><\/span><\/p>\n\n\n\n<p style=\"text-transform:none\"><span style=\"font-family: Arial, sans-serif;\"><span style=\"font-size: small;\">f) prawo do wniesienia skargi do organu nadzorczego, gdy uzna Pani\/Pan, \u017ce przetwarzanie danych osobowych dotycz\u0105cych Pani\/Pana narusza przepisy og\u00f3lnego Rozporz\u0105dzenia o ochronie danych osobowych. <\/span><\/span><\/p>\n\n\n\n<p style=\"text-transform:none\"><span style=\"font-family: Arial, sans-serif;\"><span style=\"font-size: small;\">Je\u015bli nie wyra\u017caj\u0105 Pa\u0144stwo zgody na przetwarzanie swoich danych osobowych, prosimy o przes\u0142anie tej informacji na podany wy\u017cej adres mailowy lub stacjonarny.<\/span><\/span><\/p>\n\n\n\n<p style=\"text-transform:none\"><span style=\"font-family: Arial, sans-serif;\"><span style=\"font-size: small;\">4. Podanie danych osobowych jest dobrowolne, ale ich niepodanie w zakresie wymaganym przepisami prawa skutkuje brakiem mo\u017cliwo\u015bci rozpocz\u0119cia stara\u0144 o przysposobienie dziecka. <\/span><\/span><\/p>\n\n\n\n<p style=\"text-transform:none\"><span style=\"font-family: Arial, sans-serif;\"><span style=\"font-size: small;\">5. Pragniemy zapewni\u0107, i\u017c administrator dok\u0142ada wszelkich stara\u0144, aby zapewni\u0107 \u015brodki fizycznej, technicznej i organizacyjnej ochrony danych osobowych przed ich przypadkowym czy umy\u015blnym zniszczeniem, przypadkow\u0105 utrat\u0105, zmian\u0105, nieuprawnionym ujawnieniem, wykorzystaniem czy dost\u0119pem, zgodnie z obowi\u0105zuj\u0105cymi przepisami prawnymi. <\/span><\/span><\/p>\n<\/div>\n","protected":false},"excerpt":{"rendered":"<p>Archidiecezjalny O\u015brodek Adopcyjny we Wroc\u0142awiu Drodzy Pa\u0144stwo, jeste\u015bmy zespo\u0142em zgranym i zaanga\u017cowanym, ale \u2013 nielicznym. Je\u015bli nie mog\u0105 si\u0119 Pa\u0144stwo do nas dodzwoni\u0107, oznacza to, \u017ce w\u0142a\u015bnie prowadzone s\u0105 diagnozy psychologiczne, trwaj\u0105 rozmowy psychologiczno \u2013 pedagogiczne, szkolimy si\u0119, jeste\u015bmy w delegacji lub uczestniczymy w jednej z wielu Komisji Kwalifikacyjnych O\u015brodka. Prosimy o kontakt mailowy, na&#8230;<\/p>\n","protected":false},"author":1,"featured_media":0,"parent":0,"menu_order":7,"comment_status":"closed","ping_status":"closed","template":"","meta":{"footnotes":""},"class_list":["post-9","page","type-page","status-publish","hentry"],"aioseo_notices":[],"_links":{"self":[{"href":"https:\/\/adopcja.wroclaw.pl\/index.php?rest_route=\/wp\/v2\/pages\/9","targetHints":{"allow":["GET"]}}],"collection":[{"href":"https:\/\/adopcja.wroclaw.pl\/index.php?rest_route=\/wp\/v2\/pages"}],"about":[{"href":"https:\/\/adopcja.wroclaw.pl\/index.php?rest_route=\/wp\/v2\/types\/page"}],"author":[{"embeddable":true,"href":"https:\/\/adopcja.wroclaw.pl\/index.php?rest_route=\/wp\/v2\/users\/1"}],"replies":[{"embeddable":true,"href":"https:\/\/adopcja.wroclaw.pl\/index.php?rest_route=%2Fwp%2Fv2%2Fcomments&post=9"}],"version-history":[{"count":66,"href":"https:\/\/adopcja.wroclaw.pl\/index.php?rest_route=\/wp\/v2\/pages\/9\/revisions"}],"predecessor-version":[{"id":1457,"href":"https:\/\/adopcja.wroclaw.pl\/index.php?rest_route=\/wp\/v2\/pages\/9\/revisions\/1457"}],"wp:attachment":[{"href":"https:\/\/adopcja.wroclaw.pl\/index.php?rest_route=%2Fwp%2Fv2%2Fmedia&parent=9"}],"curies":[{"name":"wp","href":"https:\/\/api.w.org\/{rel}","templated":true}]}}