{"id":483,"date":"2024-08-13T11:56:20","date_gmt":"2024-08-13T10:56:20","guid":{"rendered":"http:\/\/adopcja.wroclaw.pl\/?page_id=483"},"modified":"2026-03-02T16:20:35","modified_gmt":"2026-03-02T15:20:35","slug":"procedura-adopcyjna","status":"publish","type":"page","link":"https:\/\/adopcja.wroclaw.pl\/?page_id=483","title":{"rendered":"Procedura adopcyjna"},"content":{"rendered":"\n<p><\/p>\n\n\n\n<p class=\"has-ibm-plex-serif-font-family has-medium-font-size\" style=\"text-transform:none\">&#8222;&#8230;nic si\u0119 nie dzieje przedwcze\u015bnie,<br>I nic si\u0119 nie dzieje za p\u00f3\u017ano,<br>I wszystko si\u0119 dzieje w swym czasie,<br>Wszystko&#8230;<br>Wszystkie uczucia, spotkania,<br>Odej\u015bcia, powroty, czyny, zamiary.<br>Zawsze w\u0142a\u015bciw\u0105 godzin\u0119 bij\u0105 Bo\u017ce Zegary&#8221;.<br>                                              Roman Brandstaetter<\/p>\n\n\n\n<figure class=\"wp-block-image size-large is-resized\"><img fetchpriority=\"high\" decoding=\"async\" width=\"1024\" height=\"683\" src=\"https:\/\/adopcja.wroclaw.pl\/wp-content\/uploads\/1772463614118-1024x683.jpg\" alt=\"\" class=\"wp-image-1398\" style=\"width:583px;height:auto\" srcset=\"https:\/\/adopcja.wroclaw.pl\/wp-content\/uploads\/1772463614118-1024x683.jpg 1024w, https:\/\/adopcja.wroclaw.pl\/wp-content\/uploads\/1772463614118-300x200.jpg 300w, https:\/\/adopcja.wroclaw.pl\/wp-content\/uploads\/1772463614118-768x512.jpg 768w, https:\/\/adopcja.wroclaw.pl\/wp-content\/uploads\/1772463614118-1536x1024.jpg 1536w, https:\/\/adopcja.wroclaw.pl\/wp-content\/uploads\/1772463614118-2048x1365.jpg 2048w\" sizes=\"(max-width: 1024px) 100vw, 1024px\" \/><\/figure>\n\n\n\n<pre class=\"wp-block-preformatted has-ibm-plex-serif-font-family has-medium-font-size\" style=\"text-transform:none\">Drodzy Pa\u0144stwo,<br>je\u015bli jeste\u015bcie na tej stronie, to znaczy, \u017ce my\u015blicie o adopcji dziecka lub dzieci. <br>Zach\u0119camy Pa\u0144stwa do kontaktu z naszym O\u015brodkiem - nie trzeba mie\u0107 pewno\u015bci co do adopcji, nie b\u00f3jcie si\u0119 pyta\u0107. Podczas pierwszego spotkania poznacie nas i nasz O\u015brodek, us\u0142yszycie te\u017c, jakie ustawowe wymagania s\u0105 Pa\u0144stwu stawiane przy adopcji dziecka oraz na jakie wsparcie mo\u017cecie liczy\u0107 ze strony pracownik\u00f3w O\u015brodka. Zach\u0119camy do kontaktu telefonicznego z O\u015brodkiem i um\u00f3wienie si\u0119 na pierwsze spotkanie informacyjne. Pierwsze spotkanie zwykle oswaja obawy zwi\u0105zane z podj\u0119ciem procedury i pozwala na zastanowienie si\u0119 nad kolejnymi krokami zwi\u0105zanymi <br>z adopcj\u0105. <br><br>Czekamy na Pa\u0144stwa.<\/pre>\n\n\n\n<p class=\"has-dark-shade-color has-text-color has-link-color has-ibm-plex-serif-font-family has-medium-font-size wp-elements-57dc6c27adae096fd40db66fa904a795\" style=\"text-transform:none\">Dla zainteresowanych &#8211; gar\u015b\u0107 prawnych informacji. Je\u015bli chcecie Pa\u0144stwo poszerzy\u0107 swoj\u0105 wiedz\u0119 na temat adopcji, zapraszamy do zak\u0142adki Literatura.<\/p>\n\n\n\n<p class=\"has-dark-shade-color has-text-color has-link-color has-ibm-plex-serif-font-family has-medium-font-size wp-elements-98e7f9a3b2a05713b2f0e708a9bb0268\" style=\"text-transform:none\">Problematyka adopcji w Polsce zosta\u0142a unormowana w wielu aktach prawnych,<br>a przede wszystkim w:<br> Kodeksie rodzinnym i opieku\u0144czym (Dz. U. z 2020 r. poz. 1359), (dalej: k.r.o.),<br> Kodeksie post\u0119powania cywilnego (Dz. U. z 2020 r. poz. 1575, z p\u00f3\u017an. zm.),<br> Kodeksie cywilnym (Dz. U. z 2020 r. poz. 1749, z p\u00f3\u017an. zm.), (dalej: k.c.),<br> Ustawie o wspieraniu rodziny i systemie pieczy zast\u0119pczej (Dz. U. 2020 r. poz. 821, z p\u00f3\u017an. zm.), (dalej: w.r.s.p.z.),<br> Ustawie \u2013 Prawo o aktach stanu cywilnego (Dz. U. z 2020r. poz. 463, z p\u00f3\u017an. zm.), (dalej: p.a.s.c.).<br><em>Zgodnie z Kodeksem rodzinnym i opieku\u0144czym \u2013 przysposobienie &#8211; powszechnie nazywane adopcj\u0105, jest to taki stosunek, kt\u00f3ry powstaje mi\u0119dzy przysposabiaj\u0105cym a przysposobionym, jaki istnieje mi\u0119dzy rodzicami a dzie\u0107mi.<\/em><br>Definicja przysposobienia zosta\u0142a r\u00f3wnie\u017c okre\u015blona w art. 10 Europejskiej Konwencji o przysposobieniu dzieci, (dalej: konwencja), zgodnie z kt\u00f3rym: <em>\u201ePrzez przysposobienie przysposabiaj\u0105cy nabywa wobec przysposobionego wszelkie prawa i obowi\u0105zki, jakie maj\u0105 ojciec lub matka wobec ich dziecka pochodz\u0105cego z ma\u0142\u017ce\u0144stwa.<br>Przez przysposobienie przysposobiony nabywa wobec przysposabiaj\u0105cego wszelkie<br>prawa i obowi\u0105zki, jakie ma dziecko pochodz\u0105ce z ma\u0142\u017ce\u0144stwa w stosunku do swojego ojca lub swojej matki\u201d<\/em>.<br>G\u0142\u00f3wnym celem przysposobienia, co do zasady, jest stworzenie ma\u0142oletniemu \u015brodowiska opieku\u0144czo-wychowawczego zast\u0119puj\u0105cego mu rodzin\u0119 naturaln\u0105. W wyniku adopcji (w najpe\u0142niejszym prawnie mo\u017cliwym wariancie) powsta\u0142e zale\u017cno\u015bci \u0142\u0105cz\u0105ce dziecko i jego nowych rodzic\u00f3w s\u0105 identyczne z relacjami opartymi na wi\u0119zach krwi<br>i pochodzenia. Oznacza to, \u017ce dziecko, jak i jego nowi rodzice, maj\u0105 wzgl\u0119dem siebie takie same prawa i obowi\u0105zki, jakie istniej\u0105 mi\u0119dzy potomstwem, a jego biologicznymi rodzicami. Przysposobienie ma charakter bezterminowy. Oznacza to, \u017ce nie wygasa z chwil\u0105 osi\u0105gni\u0119cia przez dziecko pe\u0142noletno\u015bci. <\/p>\n\n\n\n<p class=\"has-dark-shade-color has-text-color has-link-color has-ibm-plex-serif-font-family has-medium-font-size wp-elements-417c7aa2da0b6e55e41a54af34af7bb1\" style=\"text-transform:none\">S\u0105d Najwy\u017cszy zaznaczy\u0142, \u017ce:<br><em>\u201ePrzysposobienie ma na celu zapewnienie przysposobionemu dziecku normalnych<br>warunk\u00f3w rodzinnych, a gdy osi\u0105gnie pe\u0142noletnio\u015b\u0107 \u2013 takiej sytuacji wzgl\u0119dem<br>przysposabiaj\u0105cego oraz jego krewnych, w jakiej normalnie w rodzinie \u017cyje doros\u0142e<br>dziecko&#8221;.<\/em><\/p>\n\n\n\n<p class=\"has-dark-shade-color has-text-color has-link-color has-ibm-plex-serif-font-family has-medium-font-size wp-elements-b2369fef93284ecb21ac20e853df746e\" style=\"text-transform:none\"><a href=\"https:\/\/www.senat.gov.pl\/gfx\/senat\/pl\/senatopracowania\/196\/plik\/przysposobienie_i_piecza_zastepcza_w_polsce_-_informacja.pdf\" title=\"przysposobienie i piecza zast\u0119pcza w Polsce\">https:\/\/www.senat.gov.pl\/gfx\/senat\/pl\/senatopracowania\/196\/plik\/przysposobienie_i_piecza_zastepcza_w_polsce_-_informacja.pdf<\/a><\/p>\n\n\n\n<p class=\"has-dark-shade-color has-text-color has-link-color has-ibm-plex-serif-font-family has-medium-font-size wp-elements-f7548c63a7b0ad3db5d8709f5b8832e1\" style=\"text-transform:none\">Zgodnie z przepisami (Kodeks rodzinny i opieku\u0144czy art. 115) przysposobienie mo\u017ce by\u0107 dokonane przez ma\u0142\u017conk\u00f3w \u2013 jest to tzw. przysposobienie wsp\u00f3lne, lub przez osob\u0119 samotn\u0105. Niedopuszczalna jest adopcja wsp\u00f3lna os\u00f3b pozostaj\u0105cych w zwi\u0105zku, kt\u00f3ry nie jest ma\u0142\u017ce\u0144stwem.<\/p>\n\n\n\n<p class=\"has-ibm-plex-serif-font-family has-medium-font-size\" style=\"text-transform:none\">Poni\u017cej przedstawiamy wybrane atyku\u0142y ustawy o wspieraniu rodziny i systemie pieczy zast\u0119pczej z dnia 9 czerwca 2011 r. dotycz\u0105ce kandydat\u00f3w do przysposobienia dziecka:<\/p>\n\n\n\n<p class=\"has-link-color has-ibm-plex-serif-font-family has-medium-font-size wp-elements-f05e0947c78c8f81def8faaf780b48a6\" style=\"text-transform:none\">Art. 155. 1. O\u015brodek adopcyjny w realizacji swoich zada\u0144 kieruje si\u0119 dobrem<br>dziecka i poszanowaniem jego praw<\/p>\n\n\n\n<p class=\"has-link-color has-ibm-plex-serif-font-family has-medium-font-size wp-elements-f53b98590e023ea0f3df5c85a8e83a9d\" style=\"text-transform:none\">Art. 172. 1. Kandydaci do przysposobienia dziecka s\u0105 obowi\u0105zani posiada\u0107<br>\u015bwiadectwo uko\u0144czenia szkolenia organizowanego przez o\u015brodek adopcyjny.<\/p>\n\n\n\n<p class=\"has-link-color has-ibm-plex-serif-font-family has-medium-font-size wp-elements-e83e2ad8f243efa2fcce709e94fcb1a6\" style=\"text-transform:none\">2. Obowi\u0105zek, o kt\u00f3rym mowa w ust. 1, nie dotyczy kandydat\u00f3w do<br>przysposobienia:<br>1) spokrewnionych albo spowinowaconych z dzieckiem lub<br>2) kt\u00f3rzy wcze\u015bniej przysposobili rodze\u0144stwo dziecka, lub<br>3) sprawuj\u0105cych nad dzieckiem rodzinn\u0105 piecz\u0119 zast\u0119pcz\u0105, z wyj\u0105tkiem os\u00f3b lub<br>ma\u0142\u017conk\u00f3w, niespe\u0142niaj\u0105cych warunk\u00f3w dotycz\u0105cych rodzin zast\u0119pczych<br>w zakresie niezb\u0119dnych szkole\u0144, kt\u00f3rym s\u0105d powierzy\u0142 tymczasowo pe\u0142nienie<br>funkcji rodziny zast\u0119pczej na podstawie art. 109 \u00a7 2 pkt 5 ustawy z dnia<br>25 lutego 1964 r. \u2013 Kodeks rodzinny i opieku\u0144czy (&#8230;)<\/p>\n\n\n\n<p class=\"has-link-color has-ibm-plex-serif-font-family has-medium-font-size wp-elements-f97d02a44a2fc8be38c74caaf99e554d\" style=\"text-transform:none\"> 5. Przed skierowaniem kandydata do przysposobienia dziecka na szkolenie<br>o\u015brodek adopcyjny dokonuje jego wst\u0119pnej oceny, z uwzgl\u0119dnieniem:<br>1) kwalifikacji osobistych, o kt\u00f3rych mowa w art. 1141<br>ustawy z dnia 25 lutego 1964 r. \u2013 Kodeks rodzinny i opieku\u0144czy;<br>2) motywacji do podj\u0119cia si\u0119 wychowywania dziecka;<br>3) wywiadu adopcyjnego.<\/p>\n\n\n\n<p class=\"has-link-color has-ibm-plex-serif-font-family has-medium-font-size wp-elements-31b33b0db381187b45b0a902a7dfa525\" style=\"text-transform:none\">6. Wst\u0119pna ocena, o kt\u00f3rej mowa w ust. 5, przeprowadzana jest na wniosek<br>kandydata do przysposobienia dziecka zawieraj\u0105cy:<br>1) informacje, o kt\u00f3rych mowa w art. 161 ust. 2 pkt 1\u20134 i 17;<br>2) uzasadnienie przyczyn, dla kt\u00f3rych kandydat do przysposobienia dziecka chce<br>przysposobi\u0107 dziecko;<br>3) \u017cyciorys zawieraj\u0105cy w szczeg\u00f3lno\u015bci informacje, o kt\u00f3rych mowa w art. 161 ust. 2 pkt 5\u20137, 13 i 14;<br>4) wyra\u017cenie zgody na udzia\u0142 w procedurze adopcyjnej.<\/p>\n\n\n\n<p class=\"has-link-color has-ibm-plex-serif-font-family has-medium-font-size wp-elements-ddcec6a43656743173621050622f205e\" style=\"text-transform:none\">7. Do wniosku do\u0142\u0105cza si\u0119 odpowiednio:<br>1) odpis zupe\u0142ny aktu ma\u0142\u017ce\u0144stwa, a w przypadku osoby niepozostaj\u0105cej w zwi\u0105zku<br>ma\u0142\u017ce\u0144skim \u2013 odpis zupe\u0142ny aktu urodzenia;<br>2) zdj\u0119cie;<br>3) za\u015bwiadczenie o niekaralno\u015bci z Krajowego Rejestru Karnego;<br>4) za\u015bwiadczenie lekarskie o stanie zdrowia wystawione przez lekarza podstawowej<br>opieki zdrowotnej zawieraj\u0105ce dane o stanie zdrowia niezb\u0119dne do stwierdzenia,<br>\u017ce dana osoba mo\u017ce sprawowa\u0107 w\u0142a\u015bciw\u0105 opiek\u0119 nad dzieckiem;<br>5) za\u015bwiadczenie o zatrudnieniu, o\u015bwiadczenie o wykonywaniu dzia\u0142alno\u015bci<br>gospodarczej, o\u015bwiadczenie o przychodowo\u015bci gospodarstwa rolnego, a w<br>przypadku os\u00f3b pobieraj\u0105cych emerytur\u0119 lub rent\u0119 kopi\u0119 decyzji ustalaj\u0105cej<br>prawo do emerytury lub renty, ze wskazaniem wysoko\u015bci osi\u0105ganych z tych<br>tytu\u0142\u00f3w dochod\u00f3w;<br>6) odpisy akt\u00f3w stanu cywilnego potwierdzaj\u0105ce stosunek pokrewie\u0144stwa lub<br>powinowactwa ze zg\u0142oszonym do przysposobienia dzieckiem \u2013 o ile taki<br>stosunek istnieje;<br>7) o\u015bwiadczenia dotycz\u0105ce pozbawienia, zawieszenia lub ograniczenia w\u0142adzy<br>rodzicielskiej.<\/p>\n\n\n\n<p class=\"has-link-color has-ibm-plex-serif-font-family has-medium-font-size wp-elements-911ab0c485d707eb6d8ef355e5118eee\" style=\"text-transform:none\">8. Informacje sk\u0142adane przez kandydata do przysposobienia dziecka s\u0105 sk\u0142adane<br>pod rygorem odpowiedzialno\u015bci karnej za sk\u0142adanie fa\u0142szywych zezna\u0144.<br>Przedstawiaj\u0105cy informacje jest obowi\u0105zany do zawarcia w nich klauzuli nast\u0119puj\u0105cej<br>tre\u015bci: \u201eJestem \u015bwiadomy odpowiedzialno\u015bci karnej za z\u0142o\u017cenie fa\u0142szywego<br>o\u015bwiadczenia.\u201d. Klauzula ta zast\u0119puje pouczenie organu o odpowiedzialno\u015bci karnej<br>za sk\u0142adanie fa\u0142szywych zezna\u0144.<\/p>\n\n\n\n<p class=\"has-link-color has-ibm-plex-serif-font-family has-medium-font-size wp-elements-ff000e3be7152da6ec9be960968a02c9\" style=\"text-transform:none\">ART. 172 A. Po uko\u0144czeniu przez kandydata do przysposobienia dziecka<br>szkolenia, o kt\u00f3rym mowa w art. 172 ust. 1, o\u015brodek adopcyjny na podstawie<br>zgromadzonej w toku post\u0119powania dokumentacji sporz\u0105dza opini\u0119 kwalifikacyjn\u0105 (&#8230;)<\/p>\n\n\n\n<p class=\"has-link-color has-ibm-plex-serif-font-family has-medium-font-size wp-elements-3457d90be560ef4499b0be93b2a33834\" style=\"text-transform:none\"><em>Kandydaci z pozytywn\u0105 opini\u0105 kwalifikacyjn\u0105 o\u015brodka oczekuj\u0105 na propozycj\u0119 przyj\u0119cia dziecka. dob\u00f3r dokonywany jest zawsze zgodnie z naczeln\u0105 zasad\u0105 dobra dziecka. towarzyszymy naszym kandydatom podczas pierwszego kontaktu z dzieckiem\/dzie\u0107mi, jak r\u00f3wnie\u017c podczas ca\u0142ej procedury adopcyjnej. oferujemy swoje wsparcie dla ju\u017c zawi\u0105zanych rodzin adopcyjnych i zast\u0119pczych realizuj\u0105c swoje zadania zgodnie z ustaw\u0105:<\/em><\/p>\n\n\n\n<p class=\"has-link-color has-ibm-plex-serif-font-family has-medium-font-size wp-elements-c7513dfc9961403122e819fa7fcdefcd\" style=\"text-transform:none\">Art. 160. 1. O\u015brodek adopcyjny wsp\u00f3\u0142pracuje z kandydatami do przysposobienia<br>dziecka w zakresie opieki nad dzieckiem i jego wychowania, w szczeg\u00f3lno\u015bci<br>w nast\u0119puj\u0105cych dziedzinach:<br>1) diagnoza pedagogiczna i psychologiczna dzieci i rodzin;<br>2) problemy wychowawcze w rodzinie;<br>3) problemy zwi\u0105zane z rozwojem dziecka.<\/p>\n\n\n\n<ol start=\"2\" class=\"wp-block-list\">\n<li class=\"has-ibm-plex-serif-font-family has-medium-font-size\" style=\"text-transform:none\">O\u015brodek adopcyjny wspiera osoby, kt\u00f3re przysposobi\u0142y dziecko,<br>w wykonywaniu przez nie funkcji opieku\u0144czo-wychowawczych przez:<br>1) pomoc w rozwi\u0105zywaniu problem\u00f3w wychowawczych i opieku\u0144czych;<br>2) poradnictwo i terapi\u0119, w tym terapi\u0119 rodzinn\u0105;<br>3) pomoc pedagogiczn\u0105 i psychologiczn\u0105;<br>4) pomoc prawn\u0105 w zakresie prawa rodzinnego.<\/li>\n\n\n\n<li class=\"has-ibm-plex-serif-font-family has-medium-font-size\" style=\"text-transform:none\">Pomocy i poradnictwa, o kt\u00f3rych mowa w ust. 2, udziela si\u0119 na wniosek.<\/li>\n<\/ol>\n","protected":false},"excerpt":{"rendered":"<p>&#8222;&#8230;nic si\u0119 nie dzieje przedwcze\u015bnie,I nic si\u0119 nie dzieje za p\u00f3\u017ano,I wszystko si\u0119 dzieje w swym czasie,Wszystko&#8230;Wszystkie uczucia, spotkania,Odej\u015bcia, powroty, czyny, zamiary.Zawsze w\u0142a\u015bciw\u0105 godzin\u0119 bij\u0105 Bo\u017ce Zegary&#8221;. Roman Brandstaetter Drodzy Pa\u0144stwo,je\u015bli jeste\u015bcie na tej stronie, to znaczy, \u017ce my\u015blicie o adopcji dziecka lub dzieci. Zach\u0119camy Pa\u0144stwa do kontaktu z naszym O\u015brodkiem &#8211; nie trzeba mie\u0107&#8230;<\/p>\n","protected":false},"author":1,"featured_media":0,"parent":0,"menu_order":0,"comment_status":"closed","ping_status":"closed","template":"","meta":{"footnotes":""},"class_list":["post-483","page","type-page","status-publish","hentry"],"aioseo_notices":[],"_links":{"self":[{"href":"https:\/\/adopcja.wroclaw.pl\/index.php?rest_route=\/wp\/v2\/pages\/483","targetHints":{"allow":["GET"]}}],"collection":[{"href":"https:\/\/adopcja.wroclaw.pl\/index.php?rest_route=\/wp\/v2\/pages"}],"about":[{"href":"https:\/\/adopcja.wroclaw.pl\/index.php?rest_route=\/wp\/v2\/types\/page"}],"author":[{"embeddable":true,"href":"https:\/\/adopcja.wroclaw.pl\/index.php?rest_route=\/wp\/v2\/users\/1"}],"replies":[{"embeddable":true,"href":"https:\/\/adopcja.wroclaw.pl\/index.php?rest_route=%2Fwp%2Fv2%2Fcomments&post=483"}],"version-history":[{"count":20,"href":"https:\/\/adopcja.wroclaw.pl\/index.php?rest_route=\/wp\/v2\/pages\/483\/revisions"}],"predecessor-version":[{"id":1400,"href":"https:\/\/adopcja.wroclaw.pl\/index.php?rest_route=\/wp\/v2\/pages\/483\/revisions\/1400"}],"wp:attachment":[{"href":"https:\/\/adopcja.wroclaw.pl\/index.php?rest_route=%2Fwp%2Fv2%2Fmedia&parent=483"}],"curies":[{"name":"wp","href":"https:\/\/api.w.org\/{rel}","templated":true}]}}