{"id":41,"date":"2009-03-09T22:32:56","date_gmt":"2009-03-09T21:32:56","guid":{"rendered":"http:\/\/adopcja.vizz.pl\/?page_id=41"},"modified":"2026-03-12T14:23:15","modified_gmt":"2026-03-12T13:23:15","slug":"przekaz-1","status":"publish","type":"page","link":"https:\/\/adopcja.wroclaw.pl\/?page_id=41","title":{"rendered":"Wesprzyj nas"},"content":{"rendered":"\n<div class=\"wp-block-group has-beige-background-color has-background is-vertical is-layout-flex wp-container-core-group-is-layout-3 wp-block-group-is-layout-flex\">\n<div class=\"wp-block-group is-layout-constrained wp-block-group-is-layout-constrained\" style=\"font-style:normal;font-weight:500\">\n<div class=\"wp-block-group is-vertical is-layout-flex wp-container-core-group-is-layout-1 wp-block-group-is-layout-flex\">\n<h2 class=\"wp-block-heading has-ibm-plex-serif-font-family has-big-font-size\"><strong>Dzia\u0142alno\u015b\u0107 O\u015brodka mo\u017cna wspom\u00f3c na kilka sposob\u00f3w:<\/strong><\/h2>\n\n\n\n<ul style=\"font-size:clamp(19.481px, 1.218rem + ((1vw - 3.2px) * 0.702), 31px);\" class=\"wp-block-list\">\n<li class=\"has-ibm-plex-serif-font-family has-large-font-size\"><strong>przez przekazanie 1,5%<\/strong> <strong>podatku<\/strong> <\/li>\n<\/ul>\n\n\n\n<h6 class=\"wp-block-heading has-ibm-plex-serif-font-family has-big-font-size\" style=\"font-style:normal;font-weight:600\">Dortmundzko &#8211; Wroc\u0142awsko &#8211; Lwowska Fundacja im. \u015bw. Jadwigi<\/h6>\n\n\n\n<p class=\"has-ibm-plex-serif-font-family has-big-font-size\"><strong>KRS 0000080096<\/strong><\/p>\n\n\n\n<p class=\"has-ibm-plex-serif-font-family has-big-font-size\">cel szczeg\u00f3\u0142owy:<\/p>\n\n\n\n<p class=\"has-ibm-plex-serif-font-family has-big-font-size\"><strong>Archidiecezjalny &nbsp;O\u015brodek Adopcyjny<\/strong><\/p>\n\n\n\n<p class=\"has-ibm-plex-serif-font-family has-big-font-size\"><strong>ING Bank \u015al\u0105ski<\/strong>,<strong> nr<\/strong>&nbsp;<strong>36 1050 1575 1000 0005 0318 4657<\/strong><\/p>\n\n\n\n<p class=\"has-ibm-plex-serif-font-family has-big-font-size\">koniecznie z dopiskiem: <strong>darowizna<\/strong>.<\/p>\n\n\n\n<ul style=\"font-size:clamp(20px, 1.25rem + ((1vw - 3.2px) * 0.732), 32px);\" class=\"wp-block-list\">\n<li class=\"has-ibm-plex-serif-font-family has-large-font-size\">przez wp\u0142at\u0119 darowizny na konto o\u015brodka  <\/li>\n<\/ul>\n\n\n\n<p class=\"has-ibm-plex-serif-font-family has-big-font-size\"><strong>ING Bank \u015al\u0105ski<\/strong>,<strong> nr<\/strong>&nbsp;<strong>36 1050 1575 1000 0005 0318 4657<\/strong>       z dopiskiem: darowizna<\/p>\n<\/div>\n\n\n\n<p><\/p>\n\n\n\n<p class=\"has-ibm-plex-serif-font-family has-big-font-size\">dzi\u0119kujemy z serca za wspieranie naszych dzia\u0142a\u0144!<\/p>\n<\/div>\n<\/div>\n","protected":false},"excerpt":{"rendered":"<p>Dzia\u0142alno\u015b\u0107 O\u015brodka mo\u017cna wspom\u00f3c na kilka sposob\u00f3w: Dortmundzko &#8211; Wroc\u0142awsko &#8211; Lwowska Fundacja im. \u015bw. Jadwigi KRS 0000080096 cel szczeg\u00f3\u0142owy: Archidiecezjalny &nbsp;O\u015brodek Adopcyjny ING Bank \u015al\u0105ski, nr&nbsp;36 1050 1575 1000 0005 0318 4657 koniecznie z dopiskiem: darowizna. ING Bank \u015al\u0105ski, nr&nbsp;36 1050 1575 1000 0005 0318 4657 z dopiskiem: darowizna dzi\u0119kujemy z serca za wspieranie&#8230;<\/p>\n","protected":false},"author":1,"featured_media":0,"parent":0,"menu_order":8,"comment_status":"closed","ping_status":"closed","template":"","meta":{"footnotes":""},"class_list":["post-41","page","type-page","status-publish","hentry"],"aioseo_notices":[],"_links":{"self":[{"href":"https:\/\/adopcja.wroclaw.pl\/index.php?rest_route=\/wp\/v2\/pages\/41","targetHints":{"allow":["GET"]}}],"collection":[{"href":"https:\/\/adopcja.wroclaw.pl\/index.php?rest_route=\/wp\/v2\/pages"}],"about":[{"href":"https:\/\/adopcja.wroclaw.pl\/index.php?rest_route=\/wp\/v2\/types\/page"}],"author":[{"embeddable":true,"href":"https:\/\/adopcja.wroclaw.pl\/index.php?rest_route=\/wp\/v2\/users\/1"}],"replies":[{"embeddable":true,"href":"https:\/\/adopcja.wroclaw.pl\/index.php?rest_route=%2Fwp%2Fv2%2Fcomments&post=41"}],"version-history":[{"count":21,"href":"https:\/\/adopcja.wroclaw.pl\/index.php?rest_route=\/wp\/v2\/pages\/41\/revisions"}],"predecessor-version":[{"id":1439,"href":"https:\/\/adopcja.wroclaw.pl\/index.php?rest_route=\/wp\/v2\/pages\/41\/revisions\/1439"}],"wp:attachment":[{"href":"https:\/\/adopcja.wroclaw.pl\/index.php?rest_route=%2Fwp%2Fv2%2Fmedia&parent=41"}],"curies":[{"name":"wp","href":"https:\/\/api.w.org\/{rel}","templated":true}]}}