{"id":285,"date":"2024-04-13T23:44:34","date_gmt":"2024-04-13T22:44:34","guid":{"rendered":"http:\/\/adopcja.wroclaw.pl\/?page_id=285"},"modified":"2026-03-12T14:16:24","modified_gmt":"2026-03-12T13:16:24","slug":"nasz-zespol","status":"publish","type":"page","link":"https:\/\/adopcja.wroclaw.pl\/?page_id=285","title":{"rendered":"Nasz zesp\u00f3\u0142"},"content":{"rendered":"\n<figure class=\"wp-block-gallery has-nested-images columns-default is-cropped wp-block-gallery-1 is-layout-flex wp-block-gallery-is-layout-flex\">\n<figure class=\"wp-block-image size-large\"><img fetchpriority=\"high\" decoding=\"async\" width=\"1024\" height=\"683\" data-id=\"881\" src=\"https:\/\/adopcja.wroclaw.pl\/wp-content\/uploads\/osrodek-adopcyjny-Wroclaw-088-1-1024x683.jpg\" alt=\"\" class=\"wp-image-881\" srcset=\"https:\/\/adopcja.wroclaw.pl\/wp-content\/uploads\/osrodek-adopcyjny-Wroclaw-088-1-1024x683.jpg 1024w, https:\/\/adopcja.wroclaw.pl\/wp-content\/uploads\/osrodek-adopcyjny-Wroclaw-088-1-300x200.jpg 300w, https:\/\/adopcja.wroclaw.pl\/wp-content\/uploads\/osrodek-adopcyjny-Wroclaw-088-1-768x512.jpg 768w, https:\/\/adopcja.wroclaw.pl\/wp-content\/uploads\/osrodek-adopcyjny-Wroclaw-088-1-1536x1024.jpg 1536w, https:\/\/adopcja.wroclaw.pl\/wp-content\/uploads\/osrodek-adopcyjny-Wroclaw-088-1-2048x1366.jpg 2048w\" sizes=\"(max-width: 1024px) 100vw, 1024px\" \/><\/figure>\n\n\n\n<figure class=\"wp-block-image size-large\"><img decoding=\"async\" width=\"1024\" height=\"683\" data-id=\"693\" src=\"https:\/\/adopcja.wroclaw.pl\/wp-content\/uploads\/osrodek-adopcyjny-Wroclaw-189-1024x683.jpg\" alt=\"\" class=\"wp-image-693\" srcset=\"https:\/\/adopcja.wroclaw.pl\/wp-content\/uploads\/osrodek-adopcyjny-Wroclaw-189-1024x683.jpg 1024w, https:\/\/adopcja.wroclaw.pl\/wp-content\/uploads\/osrodek-adopcyjny-Wroclaw-189-300x200.jpg 300w, https:\/\/adopcja.wroclaw.pl\/wp-content\/uploads\/osrodek-adopcyjny-Wroclaw-189-768x512.jpg 768w, https:\/\/adopcja.wroclaw.pl\/wp-content\/uploads\/osrodek-adopcyjny-Wroclaw-189-1536x1024.jpg 1536w, https:\/\/adopcja.wroclaw.pl\/wp-content\/uploads\/osrodek-adopcyjny-Wroclaw-189-2048x1366.jpg 2048w\" sizes=\"(max-width: 1024px) 100vw, 1024px\" \/><\/figure>\n\n\n\n<figure class=\"wp-block-image size-large\"><img decoding=\"async\" width=\"1024\" height=\"683\" data-id=\"522\" src=\"https:\/\/adopcja.wroclaw.pl\/wp-content\/uploads\/osrodek-adopcyjny-Wroclaw-029-1024x683.jpg\" alt=\"\" class=\"wp-image-522\" srcset=\"https:\/\/adopcja.wroclaw.pl\/wp-content\/uploads\/osrodek-adopcyjny-Wroclaw-029-1024x683.jpg 1024w, https:\/\/adopcja.wroclaw.pl\/wp-content\/uploads\/osrodek-adopcyjny-Wroclaw-029-300x200.jpg 300w, https:\/\/adopcja.wroclaw.pl\/wp-content\/uploads\/osrodek-adopcyjny-Wroclaw-029-768x512.jpg 768w, https:\/\/adopcja.wroclaw.pl\/wp-content\/uploads\/osrodek-adopcyjny-Wroclaw-029-1536x1024.jpg 1536w, https:\/\/adopcja.wroclaw.pl\/wp-content\/uploads\/osrodek-adopcyjny-Wroclaw-029-2048x1366.jpg 2048w\" sizes=\"(max-width: 1024px) 100vw, 1024px\" \/><\/figure>\n\n\n\n<figure class=\"wp-block-image size-large\"><img loading=\"lazy\" decoding=\"async\" width=\"683\" height=\"1024\" data-id=\"824\" src=\"https:\/\/adopcja.wroclaw.pl\/wp-content\/uploads\/osrodek-adopcyjny-Wroclaw-148-683x1024.jpg\" alt=\"\" class=\"wp-image-824\" srcset=\"https:\/\/adopcja.wroclaw.pl\/wp-content\/uploads\/osrodek-adopcyjny-Wroclaw-148-683x1024.jpg 683w, https:\/\/adopcja.wroclaw.pl\/wp-content\/uploads\/osrodek-adopcyjny-Wroclaw-148-200x300.jpg 200w, https:\/\/adopcja.wroclaw.pl\/wp-content\/uploads\/osrodek-adopcyjny-Wroclaw-148-768x1152.jpg 768w, https:\/\/adopcja.wroclaw.pl\/wp-content\/uploads\/osrodek-adopcyjny-Wroclaw-148-1024x1536.jpg 1024w, https:\/\/adopcja.wroclaw.pl\/wp-content\/uploads\/osrodek-adopcyjny-Wroclaw-148-1366x2048.jpg 1366w, https:\/\/adopcja.wroclaw.pl\/wp-content\/uploads\/osrodek-adopcyjny-Wroclaw-148-scaled.jpg 1707w\" sizes=\"(max-width: 683px) 100vw, 683px\" \/><\/figure>\n\n\n\n<figure class=\"wp-block-image size-large\"><img loading=\"lazy\" decoding=\"async\" width=\"683\" height=\"1024\" data-id=\"810\" src=\"https:\/\/adopcja.wroclaw.pl\/wp-content\/uploads\/osrodek-adopcyjny-Wroclaw-142-3-683x1024.jpg\" alt=\"\" class=\"wp-image-810\" srcset=\"https:\/\/adopcja.wroclaw.pl\/wp-content\/uploads\/osrodek-adopcyjny-Wroclaw-142-3-683x1024.jpg 683w, https:\/\/adopcja.wroclaw.pl\/wp-content\/uploads\/osrodek-adopcyjny-Wroclaw-142-3-200x300.jpg 200w, https:\/\/adopcja.wroclaw.pl\/wp-content\/uploads\/osrodek-adopcyjny-Wroclaw-142-3-768x1152.jpg 768w, https:\/\/adopcja.wroclaw.pl\/wp-content\/uploads\/osrodek-adopcyjny-Wroclaw-142-3-1024x1536.jpg 1024w, https:\/\/adopcja.wroclaw.pl\/wp-content\/uploads\/osrodek-adopcyjny-Wroclaw-142-3-1366x2048.jpg 1366w, https:\/\/adopcja.wroclaw.pl\/wp-content\/uploads\/osrodek-adopcyjny-Wroclaw-142-3-scaled.jpg 1707w\" sizes=\"(max-width: 683px) 100vw, 683px\" \/><\/figure>\n\n\n\n<figure class=\"wp-block-image size-large\"><img loading=\"lazy\" decoding=\"async\" width=\"1024\" height=\"768\" data-id=\"915\" src=\"https:\/\/adopcja.wroclaw.pl\/wp-content\/uploads\/osrodek-adopcyjny-Wroclaw-162-edited-1-1024x768.jpg\" alt=\"\" class=\"wp-image-915\" srcset=\"https:\/\/adopcja.wroclaw.pl\/wp-content\/uploads\/osrodek-adopcyjny-Wroclaw-162-edited-1-1024x768.jpg 1024w, https:\/\/adopcja.wroclaw.pl\/wp-content\/uploads\/osrodek-adopcyjny-Wroclaw-162-edited-1-300x225.jpg 300w, https:\/\/adopcja.wroclaw.pl\/wp-content\/uploads\/osrodek-adopcyjny-Wroclaw-162-edited-1-768x576.jpg 768w, https:\/\/adopcja.wroclaw.pl\/wp-content\/uploads\/osrodek-adopcyjny-Wroclaw-162-edited-1-1536x1152.jpg 1536w, https:\/\/adopcja.wroclaw.pl\/wp-content\/uploads\/osrodek-adopcyjny-Wroclaw-162-edited-1-2048x1536.jpg 2048w\" sizes=\"(max-width: 1024px) 100vw, 1024px\" \/><\/figure>\n\n\n\n<figure class=\"wp-block-image size-large\"><img loading=\"lazy\" decoding=\"async\" width=\"683\" height=\"1024\" data-id=\"911\" src=\"https:\/\/adopcja.wroclaw.pl\/wp-content\/uploads\/osrodek-adopcyjny-Wroclaw-079-3-683x1024.jpg\" alt=\"\" class=\"wp-image-911\" srcset=\"https:\/\/adopcja.wroclaw.pl\/wp-content\/uploads\/osrodek-adopcyjny-Wroclaw-079-3-683x1024.jpg 683w, https:\/\/adopcja.wroclaw.pl\/wp-content\/uploads\/osrodek-adopcyjny-Wroclaw-079-3-200x300.jpg 200w, https:\/\/adopcja.wroclaw.pl\/wp-content\/uploads\/osrodek-adopcyjny-Wroclaw-079-3-768x1152.jpg 768w, https:\/\/adopcja.wroclaw.pl\/wp-content\/uploads\/osrodek-adopcyjny-Wroclaw-079-3-1024x1536.jpg 1024w, https:\/\/adopcja.wroclaw.pl\/wp-content\/uploads\/osrodek-adopcyjny-Wroclaw-079-3-1366x2048.jpg 1366w, https:\/\/adopcja.wroclaw.pl\/wp-content\/uploads\/osrodek-adopcyjny-Wroclaw-079-3-scaled.jpg 1707w\" sizes=\"(max-width: 683px) 100vw, 683px\" \/><\/figure>\n\n\n\n<figure class=\"wp-block-image size-large\"><img loading=\"lazy\" decoding=\"async\" width=\"683\" height=\"1024\" data-id=\"912\" src=\"https:\/\/adopcja.wroclaw.pl\/wp-content\/uploads\/osrodek-adopcyjny-Wroclaw-059-683x1024.jpg\" alt=\"\" class=\"wp-image-912\" srcset=\"https:\/\/adopcja.wroclaw.pl\/wp-content\/uploads\/osrodek-adopcyjny-Wroclaw-059-683x1024.jpg 683w, https:\/\/adopcja.wroclaw.pl\/wp-content\/uploads\/osrodek-adopcyjny-Wroclaw-059-200x300.jpg 200w, https:\/\/adopcja.wroclaw.pl\/wp-content\/uploads\/osrodek-adopcyjny-Wroclaw-059-768x1152.jpg 768w, https:\/\/adopcja.wroclaw.pl\/wp-content\/uploads\/osrodek-adopcyjny-Wroclaw-059-1024x1536.jpg 1024w, https:\/\/adopcja.wroclaw.pl\/wp-content\/uploads\/osrodek-adopcyjny-Wroclaw-059-1366x2048.jpg 1366w, https:\/\/adopcja.wroclaw.pl\/wp-content\/uploads\/osrodek-adopcyjny-Wroclaw-059-scaled.jpg 1707w\" sizes=\"(max-width: 683px) 100vw, 683px\" \/><\/figure>\n\n\n\n<figure class=\"wp-block-image size-large\"><img loading=\"lazy\" decoding=\"async\" width=\"1024\" height=\"683\" data-id=\"910\" src=\"https:\/\/adopcja.wroclaw.pl\/wp-content\/uploads\/osrodek-adopcyjny-Wroclaw-011-1024x683.jpg\" alt=\"\" class=\"wp-image-910\" srcset=\"https:\/\/adopcja.wroclaw.pl\/wp-content\/uploads\/osrodek-adopcyjny-Wroclaw-011-1024x683.jpg 1024w, https:\/\/adopcja.wroclaw.pl\/wp-content\/uploads\/osrodek-adopcyjny-Wroclaw-011-300x200.jpg 300w, https:\/\/adopcja.wroclaw.pl\/wp-content\/uploads\/osrodek-adopcyjny-Wroclaw-011-768x512.jpg 768w, https:\/\/adopcja.wroclaw.pl\/wp-content\/uploads\/osrodek-adopcyjny-Wroclaw-011-1536x1024.jpg 1536w, https:\/\/adopcja.wroclaw.pl\/wp-content\/uploads\/osrodek-adopcyjny-Wroclaw-011-2048x1366.jpg 2048w\" sizes=\"(max-width: 1024px) 100vw, 1024px\" \/><\/figure>\n<\/figure>\n\n\n\n<blockquote class=\"wp-block-quote is-layout-flow wp-block-quote-is-layout-flow\">\n<p class=\"has-text-align-center has-text-color has-background has-ibm-plex-serif-font-family\" style=\"color:#602515;background-color:#eb972ac4;font-size:clamp(14px, 0.875rem + ((1vw - 3.2px) * 0.244), 18px);font-style:italic;font-weight:600;text-transform:none\">W sk\u0142ad naszego zespo\u0142u wchodz\u0105 ludzie pe\u0142ni pasji i zaanga\u017cowania. Za po\u015brednictwem profesjonalnych szkole\u0144 dla kandydat\u00f3w na rodziny adopcyjne mo\u017cemy zatroszczy\u0107 si\u0119 o najlepsze warunki dla potrzebuj\u0105cych rodzin dzieci. Pomoc w znalezieniu kochaj\u0105cej rodziny &#8211; to nasz priorytet i najwi\u0119ksza rado\u015b\u0107.<\/p>\n<\/blockquote>\n\n\n\n<figure class=\"wp-block-image size-large\"><img loading=\"lazy\" decoding=\"async\" width=\"1024\" height=\"683\" src=\"https:\/\/adopcja.wroclaw.pl\/wp-content\/uploads\/osrodek-adopcyjny-Wroclaw-084-1-1024x683.jpg\" alt=\"\" class=\"wp-image-885\" srcset=\"https:\/\/adopcja.wroclaw.pl\/wp-content\/uploads\/osrodek-adopcyjny-Wroclaw-084-1-1024x683.jpg 1024w, https:\/\/adopcja.wroclaw.pl\/wp-content\/uploads\/osrodek-adopcyjny-Wroclaw-084-1-300x200.jpg 300w, https:\/\/adopcja.wroclaw.pl\/wp-content\/uploads\/osrodek-adopcyjny-Wroclaw-084-1-768x512.jpg 768w, https:\/\/adopcja.wroclaw.pl\/wp-content\/uploads\/osrodek-adopcyjny-Wroclaw-084-1-1536x1024.jpg 1536w, https:\/\/adopcja.wroclaw.pl\/wp-content\/uploads\/osrodek-adopcyjny-Wroclaw-084-1-2048x1366.jpg 2048w\" sizes=\"(max-width: 1024px) 100vw, 1024px\" \/><\/figure>\n\n\n\n<p class=\"has-ibm-plex-serif-font-family has-medium-font-size\"><strong>Agnieszka Gorzelak <\/strong>&#8211; Dyrektor Archidiecezjalnego O\u015brodka Adopcyjnego we wroc\u0142awiu<\/p>\n\n\n\n<figure class=\"wp-block-image aligncenter size-large is-resized\"><img loading=\"lazy\" decoding=\"async\" width=\"683\" height=\"1024\" src=\"https:\/\/adopcja.wroclaw.pl\/wp-content\/uploads\/osrodek-adopcyjny-Wroclaw-185-1-683x1024.jpg\" alt=\"\" class=\"wp-image-781\" style=\"width:269px\" srcset=\"https:\/\/adopcja.wroclaw.pl\/wp-content\/uploads\/osrodek-adopcyjny-Wroclaw-185-1-683x1024.jpg 683w, https:\/\/adopcja.wroclaw.pl\/wp-content\/uploads\/osrodek-adopcyjny-Wroclaw-185-1-200x300.jpg 200w, https:\/\/adopcja.wroclaw.pl\/wp-content\/uploads\/osrodek-adopcyjny-Wroclaw-185-1-768x1152.jpg 768w, https:\/\/adopcja.wroclaw.pl\/wp-content\/uploads\/osrodek-adopcyjny-Wroclaw-185-1-1024x1536.jpg 1024w, https:\/\/adopcja.wroclaw.pl\/wp-content\/uploads\/osrodek-adopcyjny-Wroclaw-185-1-1366x2048.jpg 1366w, https:\/\/adopcja.wroclaw.pl\/wp-content\/uploads\/osrodek-adopcyjny-Wroclaw-185-1-scaled.jpg 1707w\" sizes=\"(max-width: 683px) 100vw, 683px\" \/><\/figure>\n\n\n\n<pre class=\"wp-block-preformatted has-ibm-plex-serif-font-family\" style=\"padding-right:0;padding-left:0;text-transform:none\">pedagog, psychoterapeuta, absolwentka Uniwersytetu Wroc\u0142awskiego, jednolitych studi\u00f3w stacjonarnych na kierunku pedagogika poradnictwo. Uko\u0144czy\u0142a Podyplomowe Studia Nauk o Rodzinie na Papieskim Wydziale Teologicznym we Wroc\u0142awiu. W Wielkopolskim Towarzystwie Terapii Systemowej uko\u0144czy\u0142a Kurs Podstawowy Psychoterapii Systemowej (130 godzin) i Kurs Zaawansowany Psychoterapii Systemowej Indywidualnej, Par, Rodzinnej i Grupowej (176 godzin). Trener wg Programu Szkoleniowego \u201eRodzina\u201d. Uczestniczka licznych zaj\u0119\u0107 z zakresu w\u0142asnej pracy terapeutycznej i zdobywania nowych narz\u0119dzi pracy w nurcie systemowym. Uko\u0144czy\u0142a Kursu Terapii Par Skoncentrowanej na Rozwi\u0105zaniach, kurs w zakresie terapii Gestalt. Uczestniczka wielu kurs\u00f3w, konferencji i szkole\u0144 z zakresu pracy terapeutycznej z par\u0105, rodzin\u0105, budowania wi\u0119zi, pieczy zast\u0119pczej, w tym \u2013 zagadnie\u0144 zwi\u0105zanych z adopcj\u0105, pracy z dzieckiem po do\u015bwiadczeniu traumy. Bra\u0142a udzia\u0142 w szkoleniach oraz konferencjach z zakresu diagnostyki FASD. Od 2001r. roku zwi\u0105zana z Archidiecezjalnym O\u015brodkiem Adopcyjnym we Wroc\u0142awiu, od stycznia 2024 kieruje o\u015brodkiem. Prowadzi praktyk\u0119 psychoterapeutyczn\u0105.<\/pre>\n\n\n\n<p class=\"has-ibm-plex-serif-font-family has-medium-font-size\"><strong>ks. Przemys\u0142aw Vogt<\/strong> &#8211; Diecezjalny Duszpasterz Rodzin<\/p>\n\n\n\n<figure class=\"wp-block-image aligncenter size-large is-resized\"><img loading=\"lazy\" decoding=\"async\" width=\"683\" height=\"1024\" src=\"https:\/\/adopcja.wroclaw.pl\/wp-content\/uploads\/osrodek-adopcyjny-Wroclaw-126-683x1024.jpg\" alt=\"\" class=\"wp-image-843\" style=\"width:269px;height:auto\" srcset=\"https:\/\/adopcja.wroclaw.pl\/wp-content\/uploads\/osrodek-adopcyjny-Wroclaw-126-683x1024.jpg 683w, https:\/\/adopcja.wroclaw.pl\/wp-content\/uploads\/osrodek-adopcyjny-Wroclaw-126-200x300.jpg 200w, https:\/\/adopcja.wroclaw.pl\/wp-content\/uploads\/osrodek-adopcyjny-Wroclaw-126-768x1152.jpg 768w, https:\/\/adopcja.wroclaw.pl\/wp-content\/uploads\/osrodek-adopcyjny-Wroclaw-126-1024x1536.jpg 1024w, https:\/\/adopcja.wroclaw.pl\/wp-content\/uploads\/osrodek-adopcyjny-Wroclaw-126-1366x2048.jpg 1366w, https:\/\/adopcja.wroclaw.pl\/wp-content\/uploads\/osrodek-adopcyjny-Wroclaw-126-scaled.jpg 1707w\" sizes=\"(max-width: 683px) 100vw, 683px\" \/><\/figure>\n\n\n\n<pre class=\"wp-block-preformatted has-ibm-plex-serif-font-family\" style=\"text-transform:none\">kap\u0142an Archidiecezji Wroc\u0142awskiej od 2006r. Absolwent studi\u00f3w teologicznych na Papieskim Wydziale Teologicznym we Wroc\u0142awiu. Uzyska\u0142 licencjat ko\u015bcielny na Katolickim Uniwersytecie Lubelskim Jana Paw\u0142a II. By\u0142 wikariuszem, katechet\u0105, kapelanem szpitala, prze\u0142o\u017conym w Metropolitalnym Wy\u017cszym Seminarium Duchownym we Wroc\u0142awiu. Od 2021r. Diecezjalny Duszpasterz Rodzin.<\/pre>\n\n\n\n<p class=\"has-ibm-plex-serif-font-family has-medium-font-size\"><strong>Patrycja Chr\u0105chol<\/strong> &#8211; psycholog<\/p>\n\n\n\n<figure class=\"wp-block-image aligncenter size-large is-resized\"><img loading=\"lazy\" decoding=\"async\" width=\"683\" height=\"1024\" src=\"https:\/\/adopcja.wroclaw.pl\/wp-content\/uploads\/osrodek-adopcyjny-Wroclaw-137-683x1024.jpg\" alt=\"\" class=\"wp-image-832\" style=\"width:269px\" srcset=\"https:\/\/adopcja.wroclaw.pl\/wp-content\/uploads\/osrodek-adopcyjny-Wroclaw-137-683x1024.jpg 683w, https:\/\/adopcja.wroclaw.pl\/wp-content\/uploads\/osrodek-adopcyjny-Wroclaw-137-200x300.jpg 200w, https:\/\/adopcja.wroclaw.pl\/wp-content\/uploads\/osrodek-adopcyjny-Wroclaw-137-768x1152.jpg 768w, https:\/\/adopcja.wroclaw.pl\/wp-content\/uploads\/osrodek-adopcyjny-Wroclaw-137-1024x1536.jpg 1024w, https:\/\/adopcja.wroclaw.pl\/wp-content\/uploads\/osrodek-adopcyjny-Wroclaw-137-1366x2048.jpg 1366w, https:\/\/adopcja.wroclaw.pl\/wp-content\/uploads\/osrodek-adopcyjny-Wroclaw-137-scaled.jpg 1707w\" sizes=\"(max-width: 683px) 100vw, 683px\" \/><\/figure>\n\n\n\n<pre class=\"wp-block-preformatted has-ibm-plex-serif-font-family\" style=\"text-transform:none\">psycholog - absolwentka psychologii na Uniwersytecie Wroc\u0142awskim oraz psychoterapeuta w trakcie procesu certyfikacji. Uko\u0144czy\u0142a czteroletni Ca\u0142o\u015bciowy Kurs Psychoterapii - Wroc\u0142awska Fundacja Ochrony Zdrowia Psychicznego i Rozwoju Psychoterapii (2013-2017), w tym : podej\u015bcie psychoanalityczno-psychodynamiczne (260 godz.), podej\u015bcie poznawczo-behawioralne (120 godz.) podej\u015bcie humanistyczno-do\u015bwiadczeniowe (140 godz.), podej\u015bcie systemowe (100 godz.), dialog terapeutyczny \u2013 kszta\u0142cenie umiej\u0119tno\u015bci praktycznych (140godz.), do\u015bwiadczenia w\u0142asne - kszta\u0142towanie samo\u015bwiadomo\u015bci i analiza w\u0142asnego funkcjonowania w relacji psychoterapeutycznej (250 godz.) oraz podyplomowe Studia z Przygotowania Pedagogicznego (2022-2023), szkoleniu z zakresu rozumienia procesu grupowego, pracy indywidualnej i grupowej z m\u0142odzie\u017c\u0105 i doros\u0142ymi w Fundacja Praesterno Wroc\u0142aw (2009), Warsztat Umiej\u0119tno\u015bci wychowawczych Dla Profesjonalist\u00f3w \u2013 Szko\u0142a dla Rodzic\u00f3w i Wychowawc\u00f3w (2016), a tak\u017ce liczne szkolenia z szeroko poj\u0119tej tematyki pracy z rodzin\u0105, doros\u0142ymi i dzie\u0107mi. Obecnie w trakcie szkolenia zawodowego kadry trener\u00f3w i organizator\u00f3w zast\u0119pczego \u015brodowiska rodzinnego \u201eRodzina\u201d. Z poradnictwem indywidualnym i rodzinnym zwi\u0105zana od 2011r., w Archidiecezjalnym O\u015brodku Adopcyjnym we Wroc\u0142awiu pracuje od 2014r.<\/pre>\n\n\n\n<p class=\"has-ibm-plex-serif-font-family has-medium-font-size\"><strong>Magdalena Dobromilska<\/strong> &#8211; psycholog<\/p>\n\n\n\n<figure class=\"wp-block-image aligncenter size-large is-resized\"><img loading=\"lazy\" decoding=\"async\" width=\"683\" height=\"1024\" src=\"https:\/\/adopcja.wroclaw.pl\/wp-content\/uploads\/osrodek-adopcyjny-Wroclaw-121-683x1024.jpg\" alt=\"\" class=\"wp-image-848\" style=\"width:269px\" srcset=\"https:\/\/adopcja.wroclaw.pl\/wp-content\/uploads\/osrodek-adopcyjny-Wroclaw-121-683x1024.jpg 683w, https:\/\/adopcja.wroclaw.pl\/wp-content\/uploads\/osrodek-adopcyjny-Wroclaw-121-200x300.jpg 200w, https:\/\/adopcja.wroclaw.pl\/wp-content\/uploads\/osrodek-adopcyjny-Wroclaw-121-768x1152.jpg 768w, https:\/\/adopcja.wroclaw.pl\/wp-content\/uploads\/osrodek-adopcyjny-Wroclaw-121-1024x1536.jpg 1024w, https:\/\/adopcja.wroclaw.pl\/wp-content\/uploads\/osrodek-adopcyjny-Wroclaw-121-1366x2048.jpg 1366w, https:\/\/adopcja.wroclaw.pl\/wp-content\/uploads\/osrodek-adopcyjny-Wroclaw-121-scaled.jpg 1707w\" sizes=\"(max-width: 683px) 100vw, 683px\" \/><\/figure>\n\n\n\n<pre class=\"wp-block-preformatted has-ibm-plex-serif-font-family\" style=\"text-transform:none\">absolwentka psychologii na Uniwersytecie Wroc\u0142awskim. W latach 2009 - 2014 szkoli\u0142a si\u0119 w Polskim Instytucie Ericksonowskim. Posiada wieloletnie do\u015bwiadczenie w pracy z rodzinami i dzie\u0107mi zdobywane w plac\u00f3wkach terapeutycznych i edukacyjnych.  Uczestnik licznych szkole\u0144 i konferencji z obszaru spektrum poalkoholowych wrodzonych zaburze\u0144 rozwojowych (FASD), pracy terapeutycznej z dzieckiem i rodzin\u0105 dotkni\u0119t\u0105 traum\u0105 w oparciu teori\u0119 wi\u0119zi i teori\u0119 poliwagaln\u0105. Szczeg\u00f3lnie zainteresowana obszarem diagnozy, uko\u0144czy\u0142a szereg kurs\u00f3w z zakresu diagnozy  dzieci i os\u00f3b doros\u0142ych. Trener wg Programu Szkoleniowego \u201eRodzina\u201d.  Od 2019 roku zwi\u0105zana z Archidiecezjalnym O\u015brodkiem Adopcyjnym we Wroc\u0142awiu. <\/pre>\n\n\n\n<p class=\"has-ibm-plex-serif-font-family has-medium-font-size\"><strong>Monika Drozdek<\/strong> &#8211; pedagog<\/p>\n\n\n\n<figure class=\"wp-block-image aligncenter size-large is-resized\"><img loading=\"lazy\" decoding=\"async\" width=\"683\" height=\"1024\" src=\"https:\/\/adopcja.wroclaw.pl\/wp-content\/uploads\/osrodek-adopcyjny-Wroclaw-130-2-683x1024.jpg\" alt=\"\" class=\"wp-image-839\" style=\"width:269px\" srcset=\"https:\/\/adopcja.wroclaw.pl\/wp-content\/uploads\/osrodek-adopcyjny-Wroclaw-130-2-683x1024.jpg 683w, https:\/\/adopcja.wroclaw.pl\/wp-content\/uploads\/osrodek-adopcyjny-Wroclaw-130-2-200x300.jpg 200w, https:\/\/adopcja.wroclaw.pl\/wp-content\/uploads\/osrodek-adopcyjny-Wroclaw-130-2-768x1152.jpg 768w, https:\/\/adopcja.wroclaw.pl\/wp-content\/uploads\/osrodek-adopcyjny-Wroclaw-130-2-1024x1536.jpg 1024w, https:\/\/adopcja.wroclaw.pl\/wp-content\/uploads\/osrodek-adopcyjny-Wroclaw-130-2-1366x2048.jpg 1366w, https:\/\/adopcja.wroclaw.pl\/wp-content\/uploads\/osrodek-adopcyjny-Wroclaw-130-2-scaled.jpg 1707w\" sizes=\"(max-width: 683px) 100vw, 683px\" \/><\/figure>\n\n\n\n<pre class=\"wp-block-preformatted has-ibm-plex-serif-font-family\" style=\"text-transform:none\">absolwentka Uniwersytetu Wroc\u0142awskiego na kierunku pedagogika opieku\u0144cza z terapi\u0105 oraz poradnictwo i pomoc psychopedagogiczna. Od 2021 roku diagnosta i terapeuta Integracji Sensorycznej. Uczestniczka wielu kurs\u00f3w z zakresu pracy terapeutycznej z dzieckiem po traumie z perspektywy teorii przywi\u0105zania. Bra\u0142a udzia\u0142 w kursach oraz konferencjach z zakresu tematyki diagnostyki FASD oraz prze\u017cywania straty i niep\u0142odno\u015bci. Odby\u0142a liczne praktyki w Plac\u00f3wkach Opieku\u0144czo-Wychowawczych. Od 2015 roku zwi\u0105zana z Archidiecezjalnym O\u015brodkiem Adopcyjnym we Wroc\u0142awiu, a od 2017 roku Trener wg Programu Szkoleniowego \u201eRodzina\u201d.\n<\/pre>\n\n\n\n<p class=\"has-ibm-plex-serif-font-family has-medium-font-size\"><strong>Karolina S\u0142oci\u0144ska<\/strong> &#8211; psycholog<\/p>\n\n\n\n<figure class=\"wp-block-image aligncenter size-large is-resized\"><img loading=\"lazy\" decoding=\"async\" width=\"683\" height=\"1024\" src=\"https:\/\/adopcja.wroclaw.pl\/wp-content\/uploads\/osrodek-adopcyjny-Wroclaw-110-2-683x1024.jpg\" alt=\"\" class=\"wp-image-859\" style=\"width:269px\" srcset=\"https:\/\/adopcja.wroclaw.pl\/wp-content\/uploads\/osrodek-adopcyjny-Wroclaw-110-2-683x1024.jpg 683w, https:\/\/adopcja.wroclaw.pl\/wp-content\/uploads\/osrodek-adopcyjny-Wroclaw-110-2-200x300.jpg 200w, https:\/\/adopcja.wroclaw.pl\/wp-content\/uploads\/osrodek-adopcyjny-Wroclaw-110-2-768x1152.jpg 768w, https:\/\/adopcja.wroclaw.pl\/wp-content\/uploads\/osrodek-adopcyjny-Wroclaw-110-2-1024x1536.jpg 1024w, https:\/\/adopcja.wroclaw.pl\/wp-content\/uploads\/osrodek-adopcyjny-Wroclaw-110-2-1366x2048.jpg 1366w, https:\/\/adopcja.wroclaw.pl\/wp-content\/uploads\/osrodek-adopcyjny-Wroclaw-110-2-scaled.jpg 1707w\" sizes=\"(max-width: 683px) 100vw, 683px\" \/><\/figure>\n\n\n\n<pre class=\"wp-block-preformatted has-ibm-plex-serif-font-family\" style=\"text-transform:none\">psycholog, absolwentka Uniwersytetu SWPS, na kt\u00f3rym uko\u0144czy\u0142a tak\u017ce studia podyplomowe z coachingu. Psychoterapeutka w trakcie ca\u0142o\u015bciowego <br>4-letniego szkolenia w nurcie integratywnym na wroc\u0142awskim PWT, akredytowanym przez SPCh. Uko\u0144czy\u0142a szkolenie z terapii NEST- intensywny trening <br>w udzielaniu pomocy terapeutycznej osobom z do\u015bwiadczeniem zaniedbania, przemocy i\/lub strat prokreacyjnych. Na przestrzeni kilku lat zwi\u0105zana zawodowo z dzia\u0142em HR, rekrutacj\u0105, w tym rekrutacj\u0105 pracownik\u00f3w bran\u017cy IT. Od 2020 roku pracuje jako psycholog we wroc\u0142awskich Specjalistycznych Poradniach Rodzinnych prowadz\u0105c konsultacje indywidualne z doroslymi i dziecmi oraz z parami. Prowadzi warsztaty m.in. dla rodzic\u00f3w i ma\u0142\u017conk\u00f3w. Uczestniczy\u0142a w licznych szkoleniach i konferencjach dotycz\u0105cych traumy, psychoterapii, wi\u0119zi i relacji rodzinnych. Z Archidiecezjalnym O\u015brodkiem Adopcyjnym we Wroc\u0142awiu zwi\u0105zana od wrze\u015bnia 2022.<\/pre>\n","protected":false},"excerpt":{"rendered":"<p>W sk\u0142ad naszego zespo\u0142u wchodz\u0105 ludzie pe\u0142ni pasji i zaanga\u017cowania. Za po\u015brednictwem profesjonalnych szkole\u0144 dla kandydat\u00f3w na rodziny adopcyjne mo\u017cemy zatroszczy\u0107 si\u0119 o najlepsze warunki dla potrzebuj\u0105cych rodzin dzieci. Pomoc w znalezieniu kochaj\u0105cej rodziny &#8211; to nasz priorytet i najwi\u0119ksza rado\u015b\u0107. Agnieszka Gorzelak &#8211; Dyrektor Archidiecezjalnego O\u015brodka Adopcyjnego we wroc\u0142awiu pedagog, psychoterapeuta, absolwentka Uniwersytetu Wroc\u0142awskiego,&#8230;<\/p>\n","protected":false},"author":2,"featured_media":0,"parent":0,"menu_order":3,"comment_status":"closed","ping_status":"closed","template":"","meta":{"footnotes":""},"class_list":["post-285","page","type-page","status-publish","hentry"],"aioseo_notices":[],"_links":{"self":[{"href":"https:\/\/adopcja.wroclaw.pl\/index.php?rest_route=\/wp\/v2\/pages\/285","targetHints":{"allow":["GET"]}}],"collection":[{"href":"https:\/\/adopcja.wroclaw.pl\/index.php?rest_route=\/wp\/v2\/pages"}],"about":[{"href":"https:\/\/adopcja.wroclaw.pl\/index.php?rest_route=\/wp\/v2\/types\/page"}],"author":[{"embeddable":true,"href":"https:\/\/adopcja.wroclaw.pl\/index.php?rest_route=\/wp\/v2\/users\/2"}],"replies":[{"embeddable":true,"href":"https:\/\/adopcja.wroclaw.pl\/index.php?rest_route=%2Fwp%2Fv2%2Fcomments&post=285"}],"version-history":[{"count":27,"href":"https:\/\/adopcja.wroclaw.pl\/index.php?rest_route=\/wp\/v2\/pages\/285\/revisions"}],"predecessor-version":[{"id":1433,"href":"https:\/\/adopcja.wroclaw.pl\/index.php?rest_route=\/wp\/v2\/pages\/285\/revisions\/1433"}],"wp:attachment":[{"href":"https:\/\/adopcja.wroclaw.pl\/index.php?rest_route=%2Fwp%2Fv2%2Fmedia&parent=285"}],"curies":[{"name":"wp","href":"https:\/\/api.w.org\/{rel}","templated":true}]}}