{"id":22,"date":"2009-03-09T21:53:12","date_gmt":"2009-03-09T20:53:12","guid":{"rendered":"http:\/\/adopcja.vizz.pl\/?page_id=22"},"modified":"2026-03-12T14:18:21","modified_gmt":"2026-03-12T13:18:21","slug":"literatura","status":"publish","type":"page","link":"https:\/\/adopcja.wroclaw.pl\/?page_id=22","title":{"rendered":"Literatura"},"content":{"rendered":"\n<p><\/p>\n\n\n\n<p class=\"has-ibm-plex-serif-font-family has-medium-font-size\" style=\"text-transform:none\">Przygotowuj\u0105c si\u0119 do adopcji dziecka konieczne jest si\u0119gni\u0119cie po fachow\u0105 literatur\u0119, pozwalaj\u0105c\u0105 lepiej zrozumie\u0107 histori\u0119 dziecka, jego prze\u017cycia i zachowania, trudno\u015bci z tworzeniem wi\u0119zi oraz dobrze przygotowa\u0107 siebie na adekwatn\u0105 odpowied\u017a na jego potrzeby. Wa\u017cne jest te\u017c, by w tym procesie zatroszczy\u0107 si\u0119 o siebie i sw\u00f3j zwi\u0105zek ma\u0142\u017ce\u0144ski tak, aby m\u00f3g\u0142 stanowi\u0107 mocn\u0105 baz\u0119 dla dziecka lub dzieci, kt\u00f3re do\u0142\u0105cz\u0105 do nowej rodziny.<br><br>Poni\u017cej proponujemy nasz\u0105 TOP list\u0119 ksi\u0105\u017cek, kt\u00f3re mog\u0105 Pa\u0144stwu pom\u00f3c lepiej przygotowa\u0107 si\u0119 do planowanej adopcji dziecka lub wzmocni\u0107 Was, gdy jeste\u015bcie ju\u017c rodzicami adopcyjnymi.<\/p>\n\n\n\n<ol style=\"background-color:#f5d520cf\" class=\"wp-block-list has-background\">\n<li class=\"has-ibm-plex-serif-font-family has-medium-font-size\" style=\"text-transform:none\">Gray Deborah D., <em>Adopcja i przywi\u0105zanie. Praktyczny poradnik dla rodzic\u00f3w<\/em>, GWP  Sopot 2019<\/li>\n\n\n\n<li class=\"has-ibm-plex-serif-font-family has-medium-font-size\" style=\"text-transform:none\">Bartnikowska Urszula, Duffner Hanna,  <em>DROGOWSKAZ. Dziecko &#8211; trauma, wsparcie i rozw\u00f3j<\/em>., FNCE Pozna\u0144 2021<\/li>\n\n\n\n<li class=\"has-ibm-plex-serif-font-family has-medium-font-size\" style=\"text-transform:none\">Bartnikowska Urszula, Duffner Hanna,  <em>UWA\u017bNO\u015a\u0106. Poliwagalne wsparcie dla rodzic\u00f3w adopcyjnych i zast\u0119pczych<\/em>, FNCE Pozna\u0144 2024<\/li>\n\n\n\n<li class=\"has-ibm-plex-serif-font-family has-medium-font-size\" style=\"text-transform:none\">Keck Gregory C., Kupecky Regina M., <em>Wychowanie zranionego dziecka. Pomoc rodzinom adopcyjnym w zdrowieniu i rozwoju<\/em>., MRaciniewski Services Warszawa 2013 (zam\u00f3wienia przez internet pod adresem: elara1@wp.pl i pod numerem telefonu: 600-541-383)<\/li>\n\n\n\n<li class=\"has-ibm-plex-serif-font-family has-medium-font-size\" style=\"text-transform:none\">Schooler Jayne E., Smalley Betsy Keefer, Callahan Timothy J., <em>Zranione dzieci, uzdrawiaj\u0105ce domy. Wychowanie dzieci dotkni\u0119tych traum\u0105 w rodzinach adopcyjnych i zast\u0119pczych<\/em>., MRaciniewski Services Warszawa 2012 (zam\u00f3wienia przez internet pod adresem: elara1@wp.pl i pod numerem telefonu: 600-541-383)<\/li>\n\n\n\n<li class=\"has-ibm-plex-serif-font-family has-medium-font-size\" style=\"text-transform:none\">\u0141ady\u017cy\u0144scy Gra\u017cyna i Andrzej, <em>Adopcja jest darem.<\/em> TUM, Wroc\u0142aw 2000<\/li>\n\n\n\n<li class=\"has-ibm-plex-serif-font-family has-medium-font-size\" style=\"text-transform:none\">Grycman Magdalena, <em>Dom na nowo malowany.<\/em> Edition 2000<\/li>\n\n\n\n<li class=\"has-ibm-plex-serif-font-family has-medium-font-size\" style=\"text-transform:none\">Kotowska Katarzyna, <em>Je\u017c<\/em>. Wydawnictwo Egmont Polska&nbsp; Sp. z o.o., Warszawa 1999<\/li>\n\n\n\n<li class=\"has-ibm-plex-serif-font-family has-medium-font-size\" style=\"text-transform:none\">Kotowska&nbsp;&nbsp; Katarzyna,&nbsp; <em>Wie\u017ca&nbsp;&nbsp; z&nbsp;&nbsp; klock\u00f3w<\/em>.&nbsp;&nbsp; Wyd.&nbsp;&nbsp; Media&nbsp;&nbsp; Rodzina,&nbsp;&nbsp; Pozna\u0144&nbsp;&nbsp; 2001<\/li>\n\n\n\n<li class=\"has-ibm-plex-serif-font-family has-medium-font-size\" style=\"text-transform:none\">Modlibowska Magdalena, <em>Odczarowa\u0107 adopcj\u0119. Poradnik rodzica dla rodzic\u00f3w<\/em>, COJANATO 2012<\/li>\n\n\n\n<li class=\"has-ibm-plex-serif-font-family has-medium-font-size\" style=\"text-transform:none\">Perry Bruce D., Winfrey Oprah, <em>Co ci si\u0119 przydarzy\u0142o? Rozmowy o traumie, odporno\u015bci psychicznej i zdrowieniu<\/em>, Wydawnictwo Agora Warszawa 2022<\/li>\n\n\n\n<li class=\"has-ibm-plex-serif-font-family has-medium-font-size\" style=\"text-transform:none\">Van Der Kolk Bessel, <em>Strach uciele\u015bniony. M\u00f3zg, umys\u0142 i cia\u0142o w terapii traumy<\/em>, Czarna Owca 2023<\/li>\n\n\n\n<li class=\"has-ibm-plex-serif-font-family has-medium-font-size\" style=\"text-transform:none\">Siegel Daniel J., Payne-Bryson Tina, <em>Pot\u0119ga obecno\u015bci. Jak obecno\u015b\u0107 rodzic\u00f3w wp\u0142ywa na to, kim staj\u0105 si\u0119 nasze dzieci i kszta\u0142tuje rozw\u00f3j ich m\u00f3zg\u00f3w<\/em>, mamania 2020<\/li>\n\n\n\n<li class=\"has-ibm-plex-serif-font-family has-medium-font-size\" style=\"text-transform:none\">Mate Gabor, Neufeld Gordon, <em>Wi\u0119\u017a. Dlaczego rodzice powinni by\u0107 wa\u017cniejsi od koleg\u00f3w<\/em>, Galaktyka 2016<\/li>\n<\/ol>\n\n\n\n<p class=\"has-ibm-plex-serif-font-family has-medium-font-size\" style=\"text-transform:none\">Proponujemy te\u017c Pa\u0144stwu list\u0119 ksi\u0105\u017cek o ma\u0142\u017ce\u0144stwie, rodzinie i wychowaniu:<\/p>\n\n\n\n<ol style=\"background-color:#ffae00b3\" class=\"wp-block-list has-background\">\n<li class=\"has-ibm-plex-serif-font-family has-medium-font-size\" style=\"text-transform:none\">Bettelheim Bruno, <em>Wystarczaj\u0105co dobrzy rodzice.<\/em> Wyd. Rebis, Pozna\u0144 2005;<\/li>\n\n\n\n<li class=\"has-ibm-plex-serif-font-family has-medium-font-size\" style=\"text-transform:none\">Brett Doris,<em> Opowiadania dla Twojego dziecka. Cz.1.<\/em> Gda\u0144skie Wyd. Psychologiczne;<\/li>\n\n\n\n<li class=\"has-ibm-plex-serif-font-family has-medium-font-size\" style=\"text-transform:none\">Brett Doris, <em>Opowiadania dla Twojego (nieco starszego) dziecka. Cz.2<\/em>.&nbsp; Gda\u0144skie Wyd. Psychologiczne;<\/li>\n\n\n\n<li class=\"has-ibm-plex-serif-font-family has-medium-font-size\" style=\"text-transform:none\">Biddulph Steve, <em>Sekrety szcz\u0119\u015bliwego dzieci\u0144stwa.<\/em> Dom Wydawniczy REBIS, Pozna\u0144 1999;<\/li>\n\n\n\n<li class=\"has-ibm-plex-serif-font-family has-medium-font-size\" style=\"text-transform:none\">Bradley J., Copley B., Dubinsky H., <em>Zrozumie\u0107 nastolatka<\/em>, Grupa Bertelsman 1992;<\/li>\n\n\n\n<li class=\"has-ibm-plex-serif-font-family has-medium-font-size\" style=\"text-transform:none\">Branden Nathaniel, <em>6 filar\u00f3w poczucia w\u0142asnej warto\u015bci.<\/em> Wydawnictwo Ravi, \u0141\u00f3d\u017a 2003;<\/li>\n\n\n\n<li class=\"has-ibm-plex-serif-font-family has-medium-font-size\" style=\"text-transform:none\">Briddock Barbara, <em>ABC pomys\u0142owych rodzic\u00f3w.<\/em> Dom Wydawniczy&nbsp; REBIS, Pozna\u0144 1998;<\/li>\n\n\n\n<li class=\"has-ibm-plex-serif-font-family has-medium-font-size\" style=\"text-transform:none\">Campbell Ross, <em>Twoje dziecko potrzebuje ciebie<\/em>, TKECH, Krak\u00f3w;<\/li>\n\n\n\n<li class=\"has-ibm-plex-serif-font-family has-medium-font-size\" style=\"text-transform:none\">Campbell Ross,<em> Tw\u00f3j nastolatek potrzebuje ciebie<\/em>, TKECH, Krak\u00f3w 1991;<\/li>\n\n\n\n<li class=\"has-ibm-plex-serif-font-family has-medium-font-size\" style=\"text-transform:none\">Cloud Henry, Townsed John, <em>Sztuka m\u00f3wienia Nie<\/em>. Oficyna Wydawnicza Vocatio, Warszawa 1995 (o stawianiu granic);<\/li>\n\n\n\n<li class=\"has-ibm-plex-serif-font-family has-medium-font-size\" style=\"text-transform:none\">Cole Robert,<em> Inteligencja moralna dzieci.<\/em> Dom Wydawniczy REBIS, Pozna\u0144 1997;<\/li>\n\n\n\n<li class=\"has-ibm-plex-serif-font-family has-medium-font-size\" style=\"text-transform:none\">Dobson James C., <em>Dzieci i wychowanie.<\/em> Oficyna Wydawnicza Vocatio, Warszawa 1995;<\/li>\n\n\n\n<li class=\"has-ibm-plex-serif-font-family has-medium-font-size\" style=\"text-transform:none\">Drescher John i Betty, <em>Gdyby\u015bmy zaczynali od nowa.<\/em> PAX, Warszawa 1994;<\/li>\n\n\n\n<li class=\"has-ibm-plex-serif-font-family has-medium-font-size\" style=\"text-transform:none\">Eichelberger W., Samson A., <em>Dobra mi\u0142o\u015b\u0107: Co robi\u0107, aby nasze dzieci mia\u0142y udane \u017cycie.<\/em> Dom Wydawniczy EGO 2002;<\/li>\n\n\n\n<li class=\"has-ibm-plex-serif-font-family has-medium-font-size\" style=\"text-transform:none\">Elias J.M., Tobiasz E.S., Friendlander B.S., <em>Dziecko emocjonalnie inteligentne.<\/em> Wyd. Moderski i S-ka, Pozna\u0144 1998;<\/li>\n\n\n\n<li class=\"has-ibm-plex-serif-font-family has-medium-font-size\" style=\"text-transform:none\">Faber Adele, Mazlish Elaine, <em>Jak m\u00f3wi\u0107, \u017ceby dzieci nas s\u0142ucha\u0142y, jak s\u0142ucha\u0107, \u017ceby dzieci do nas m\u00f3wi\u0142y.<\/em> Media Rodzina of Pozna\u0144;<\/li>\n\n\n\n<li class=\"has-ibm-plex-serif-font-family has-medium-font-size\" style=\"text-transform:none\">Faber Adele, Mazlish Elaine, <em>Rodze\u0144stwo bez rywalizacji.<\/em> Media Rodzina of Pozna\u0144, 1997;<\/li>\n\n\n\n<li class=\"has-ibm-plex-serif-font-family has-medium-font-size\" style=\"text-transform:none\">Hogg Tracy, Blau Melinda, <em>J\u0119zyk niemowl\u0105t<\/em>, Klub dla Ciebie 2003;<\/li>\n\n\n\n<li class=\"has-ibm-plex-serif-font-family has-medium-font-size\" style=\"text-transform:none\">Hogg Tracy, <em>J\u0119zyk dwulatka<\/em>, Klub dla Ciebie 2003;<\/li>\n\n\n\n<li class=\"has-ibm-plex-serif-font-family has-medium-font-size\" style=\"text-transform:none\">Ilg F.L., Ames L.B., Baker S.M., <em>Rozw\u00f3j psychiczny dziecka od 0 do 10 lat (cz.1) , od 10 do 14 lat (cz.2).<\/em> Gda\u0144skie Wyd. Psychologiczne, Gda\u0144sk 1998;<\/li>\n\n\n\n<li class=\"has-ibm-plex-serif-font-family has-medium-font-size\" style=\"text-transform:none\"><em>Jak sobie radzi\u0107 z niechcianymi uczuciami<\/em>, praca zbiorowa pod red. Ireny Obuchowskiej, Media Rodzina of Pozna\u0144 2001;<\/li>\n\n\n\n<li class=\"has-ibm-plex-serif-font-family has-medium-font-size\" style=\"text-transform:none\">Kami\u0144ska Urszula, <em>Zranione dzieci\u0144stwo<\/em>. Wydawnictwo \u015al\u0105sk 2000;<\/li>\n\n\n\n<li class=\"has-ibm-plex-serif-font-family has-medium-font-size\" style=\"text-transform:none\">Leite J.S., Parisch J.K., <em>Wychowanie skuteczne. 10 przykaza\u0144 dla rodzic\u00f3w.<\/em> WSiP, Warszawa 1997;<\/li>\n\n\n\n<li class=\"has-ibm-plex-serif-font-family has-medium-font-size\" style=\"text-transform:none\">MacKenzie Robert, <em>Kiedy pozwoli\u0107 kiedy zabroni\u0107 dzieciom od 2 do 16 lat. Jasne regu\u0142y pomagaj\u0105 wychowywa\u0107. <\/em>Gda\u0144skie Wydawnictwo Psychologiczne, Gda\u0144sk 2001 ( o granicach);<\/li>\n\n\n\n<li class=\"has-ibm-plex-serif-font-family has-medium-font-size\" style=\"text-transform:none\">Mc Dowell J., Wakenfield N., <em>Zadziwiaj\u0105cy wp\u0142yw tatusia.<\/em> Oficyna Wyd. Vocatio, Warszawa 1984;<\/li>\n\n\n\n<li class=\"has-ibm-plex-serif-font-family has-medium-font-size\" style=\"text-transform:none\">Mc Dowell J., Dick D., <em>Jak by\u0107 bohaterem dla w\u0142asnych dzieci.<\/em> Oficyna Wyd. Vocatio, Warszawa 1993;<\/li>\n\n\n\n<li class=\"has-ibm-plex-serif-font-family has-medium-font-size\" style=\"text-transform:none\">Nolte Dorothy, Harris Rachel, <em>Dzieci patrz\u0105 na nas.<\/em> Instytut Wydawniczy PAX, Warszawa, 2002;<\/li>\n\n\n\n<li class=\"has-ibm-plex-serif-font-family has-medium-font-size\" style=\"text-transform:none\">Pellegrino Pino, <em>Mali dzisiaj, doro\u015bli jutro<\/em>. <em>Propozycje wychowawcze dla dorastaj\u0105cych.<\/em> Wydawnictwo Salezja\u0144skie, Warszawa 1995;<\/li>\n\n\n\n<li class=\"has-ibm-plex-serif-font-family has-medium-font-size\" style=\"text-transform:none\">Pulikowski J., <em>Warto by\u0107 ojcem.<\/em> <em>Najwa\u017cniejsza kariera m\u0119\u017cczyzny. <\/em>Inicjatywa Wydawnicza Jerozolima, Pozna\u0144 1999;<\/li>\n\n\n\n<li class=\"has-ibm-plex-serif-font-family has-medium-font-size\" style=\"text-transform:none\">Steede Kevin, <em>10 b\u0142\u0119d\u00f3w pope\u0142nianych przez dobrych rodzic\u00f3w. <\/em>Gda\u0144skie Wyd. Psychologiczne 2000;<\/li>\n\n\n\n<li class=\"has-ibm-plex-serif-font-family has-medium-font-size\" style=\"text-transform:none\">Tschope- Scheflfer S., <em>Dzieci potrzebuj\u0105 korzeni i skrzyde\u0142. Wychowanie mi\u0119dzy przywi\u0105zaniem i autonomi\u0105. <\/em>Wydawnictwo Jedno\u015b\u0107, Kielce 2001;<\/li>\n\n\n\n<li class=\"has-ibm-plex-serif-font-family has-medium-font-size\" style=\"text-transform:none\">Wn\u0119k-Joniec Katarzyna, <em>Nie przydeptuj ma\u0142ych skrzyde\u0142.<\/em> Wydawnictwo Akademickie \u017bak Warszawa 2007;<\/li>\n\n\n\n<li class=\"has-ibm-plex-serif-font-family has-medium-font-size\" style=\"text-transform:none\">Woititz Janet G., <em>Wymarzone dzieci\u0144stwo. Jak wychowa\u0107 szcz\u0119\u015bliwe dziecko, unikaj\u0105c b\u0142\u0119d\u00f3w naszych rodzic\u00f3w.<\/em> Gda\u0144skie Wyd. Psychologiczne 1999;<\/li>\n\n\n\n<li class=\"has-ibm-plex-serif-font-family has-medium-font-size\" style=\"text-transform:none\">Wright H. N. , <em>Konflikty. Jak rozumie\u0107 ma\u0142\u017conka nie zgadzaj\u0105c si\u0119 z nim. <\/em>Vocatio, Warszawa 1992;<\/li>\n\n\n\n<li class=\"has-ibm-plex-serif-font-family has-medium-font-size\" style=\"text-transform:none\">Wright H.N.,&nbsp; <em>Sztuka porozumiewania si\u0119<\/em>, Vocatio, Warszawa 2005<\/li>\n<\/ol>\n\n\n\n<p><\/p>\n","protected":false},"excerpt":{"rendered":"<p>Przygotowuj\u0105c si\u0119 do adopcji dziecka konieczne jest si\u0119gni\u0119cie po fachow\u0105 literatur\u0119, pozwalaj\u0105c\u0105 lepiej zrozumie\u0107 histori\u0119 dziecka, jego prze\u017cycia i zachowania, trudno\u015bci z tworzeniem wi\u0119zi oraz dobrze przygotowa\u0107 siebie na adekwatn\u0105 odpowied\u017a na jego potrzeby. Wa\u017cne jest te\u017c, by w tym procesie zatroszczy\u0107 si\u0119 o siebie i sw\u00f3j zwi\u0105zek ma\u0142\u017ce\u0144ski tak, aby m\u00f3g\u0142 stanowi\u0107 mocn\u0105 baz\u0119&#8230;<\/p>\n","protected":false},"author":1,"featured_media":0,"parent":0,"menu_order":6,"comment_status":"closed","ping_status":"closed","template":"","meta":{"footnotes":""},"class_list":["post-22","page","type-page","status-publish","hentry"],"aioseo_notices":[],"_links":{"self":[{"href":"https:\/\/adopcja.wroclaw.pl\/index.php?rest_route=\/wp\/v2\/pages\/22","targetHints":{"allow":["GET"]}}],"collection":[{"href":"https:\/\/adopcja.wroclaw.pl\/index.php?rest_route=\/wp\/v2\/pages"}],"about":[{"href":"https:\/\/adopcja.wroclaw.pl\/index.php?rest_route=\/wp\/v2\/types\/page"}],"author":[{"embeddable":true,"href":"https:\/\/adopcja.wroclaw.pl\/index.php?rest_route=\/wp\/v2\/users\/1"}],"replies":[{"embeddable":true,"href":"https:\/\/adopcja.wroclaw.pl\/index.php?rest_route=%2Fwp%2Fv2%2Fcomments&post=22"}],"version-history":[{"count":16,"href":"https:\/\/adopcja.wroclaw.pl\/index.php?rest_route=\/wp\/v2\/pages\/22\/revisions"}],"predecessor-version":[{"id":1435,"href":"https:\/\/adopcja.wroclaw.pl\/index.php?rest_route=\/wp\/v2\/pages\/22\/revisions\/1435"}],"wp:attachment":[{"href":"https:\/\/adopcja.wroclaw.pl\/index.php?rest_route=%2Fwp%2Fv2%2Fmedia&parent=22"}],"curies":[{"name":"wp","href":"https:\/\/api.w.org\/{rel}","templated":true}]}}