{"id":1442,"date":"2026-03-12T19:55:29","date_gmt":"2026-03-12T18:55:29","guid":{"rendered":"https:\/\/adopcja.wroclaw.pl\/?page_id=1442"},"modified":"2026-03-30T16:57:06","modified_gmt":"2026-03-30T15:57:06","slug":"media-o-nas","status":"publish","type":"page","link":"https:\/\/adopcja.wroclaw.pl\/?page_id=1442","title":{"rendered":"Media o nas"},"content":{"rendered":"\n<p class=\"has-ibm-plex-serif-font-family has-medium-font-size\" style=\"text-transform:none\">Dnia 12 marca go\u015bcili\u015bmy we wroc\u0142awskim Radiu Rodzina.<\/p>\n\n\n\n<p class=\"has-ibm-plex-serif-font-family has-medium-font-size\" style=\"text-transform:none\">Porannym go\u015bciem Radia Rodzina by\u0142a dyrektor O\u015brodka Agnieszka Gorzelak:<\/p>\n\n\n\n<p class=\"has-ibm-plex-serif-font-family has-normal-font-size\"><a href=\"https:\/\/www.radiorodzina.pl\/2026\/03\/12\/nie-bojcie-sie-przyjsc-o-adopcji-i-pierwszym-kroku-do-rodziny\/\" target=\"_blank\" rel=\"noopener\" title=\"Kliknij, aby pos\u0142ucha\u0107\">https:\/\/www.radiorodzina.pl\/2026\/03\/12\/nie-bojcie-sie-przyjsc-o-adopcji-i-pierwszym-kroku-do-rodziny\/<\/a><\/p>\n\n\n\n<p class=\"has-ibm-plex-serif-font-family has-medium-font-size\" style=\"text-transform:none\">Pisa\u0142 o nas dwumiesi\u0119cznik &#8222;Misyjne Drogi&#8221; oraz portal misyjne.pl :<\/p>\n\n\n\n<p class=\"has-medium-font-size\"><a href=\"https:\/\/misyjne.pl\/adopcja-to-droga-milosc-nie-zawsze-pojawia-sie-od-razu-ale-rodzi-sie-z-czasu-i-bliskosci-rozmowa\/\" title=\"\">https:\/\/misyjne.pl\/adopcja-to-droga-milosc-nie-zawsze-pojawia-sie-od-razu-ale-rodzi-sie-z-czasu-i-bliskosci-rozmowa\/<\/a><\/p>\n","protected":false},"excerpt":{"rendered":"<p>Dnia 12 marca go\u015bcili\u015bmy we wroc\u0142awskim Radiu Rodzina. Porannym go\u015bciem Radia Rodzina by\u0142a dyrektor O\u015brodka Agnieszka Gorzelak: https:\/\/www.radiorodzina.pl\/2026\/03\/12\/nie-bojcie-sie-przyjsc-o-adopcji-i-pierwszym-kroku-do-rodziny\/ Pisa\u0142 o nas dwumiesi\u0119cznik &#8222;Misyjne Drogi&#8221; oraz portal misyjne.pl : https:\/\/misyjne.pl\/adopcja-to-droga-milosc-nie-zawsze-pojawia-sie-od-razu-ale-rodzi-sie-z-czasu-i-bliskosci-rozmowa\/<\/p>\n","protected":false},"author":1,"featured_media":0,"parent":0,"menu_order":0,"comment_status":"closed","ping_status":"closed","template":"","meta":{"footnotes":""},"class_list":["post-1442","page","type-page","status-publish","hentry"],"aioseo_notices":[],"_links":{"self":[{"href":"https:\/\/adopcja.wroclaw.pl\/index.php?rest_route=\/wp\/v2\/pages\/1442","targetHints":{"allow":["GET"]}}],"collection":[{"href":"https:\/\/adopcja.wroclaw.pl\/index.php?rest_route=\/wp\/v2\/pages"}],"about":[{"href":"https:\/\/adopcja.wroclaw.pl\/index.php?rest_route=\/wp\/v2\/types\/page"}],"author":[{"embeddable":true,"href":"https:\/\/adopcja.wroclaw.pl\/index.php?rest_route=\/wp\/v2\/users\/1"}],"replies":[{"embeddable":true,"href":"https:\/\/adopcja.wroclaw.pl\/index.php?rest_route=%2Fwp%2Fv2%2Fcomments&post=1442"}],"version-history":[{"count":4,"href":"https:\/\/adopcja.wroclaw.pl\/index.php?rest_route=\/wp\/v2\/pages\/1442\/revisions"}],"predecessor-version":[{"id":1465,"href":"https:\/\/adopcja.wroclaw.pl\/index.php?rest_route=\/wp\/v2\/pages\/1442\/revisions\/1465"}],"wp:attachment":[{"href":"https:\/\/adopcja.wroclaw.pl\/index.php?rest_route=%2Fwp%2Fv2%2Fmedia&parent=1442"}],"curies":[{"name":"wp","href":"https:\/\/api.w.org\/{rel}","templated":true}]}}