{"id":1364,"date":"2026-01-30T12:16:11","date_gmt":"2026-01-30T11:16:11","guid":{"rendered":"https:\/\/adopcja.wroclaw.pl\/?page_id=1364"},"modified":"2026-03-02T16:26:07","modified_gmt":"2026-03-02T15:26:07","slug":"zjazd-rodzin-adopcyjnych-2025-r","status":"publish","type":"page","link":"https:\/\/adopcja.wroclaw.pl\/?page_id=1364","title":{"rendered":"Zjazd Rodzin Adopcyjnych 2025 r."},"content":{"rendered":"\n<pre class=\"wp-block-preformatted has-ibm-plex-serif-font-family has-medium-font-size\" style=\"text-transform:none\">Za nami majowy dwudniowy Zjazd Rodzin Adopcyjnych, w kt\u00f3rym wzi\u0119\u0142o udzia\u0142 w sumie 120 os\u00f3b \u2013 rodziny z dzie\u0107mi, zaproszeni go\u015bcie, pracownicy O\u015brodka i wolontariusze. To by\u0142 niezwykle tw\u00f3rczy i&nbsp;dynamiczny, pe\u0142en dobrych spotka\u0144 i rozm\u00f3w wsp\u00f3lny czas! <br>Od strony duchowej towarzyszyli nam ks. Maciej Ma\u0142yga, biskup pomocniczy Archidiecezji Wroc\u0142awskiej i&nbsp;ks. Przemys\u0142aw Vogt, Diecezjalny Duszpasterz Rodzin. Wyk\u0142ad i&nbsp;warsztaty dla rodzic\u00f3w adopcyjnych poprowadzi\u0142a dla nas Izabela Chlewi\u0144ska, tancerka, choreografka, performerka, badaczka ruchu, pedagog i terapeutka wsp\u00f3\u0142pracuj\u0105ca m.in. z&nbsp;rodzinami adopcyjnymi w ramach Fundacji Doktora Liszcza. <br><br>Naszym Go\u015bciom i Uczestnikom \u2013 serdecznie dzi\u0119kujemy!<br><br>Za\u0142\u0105czamy kilka wypowiedzi uczestnik\u00f3w:<br><br><em>Je\u015bli chodzi o Zjazdy Rodzin Adopcyjnych, to my ogromnie \u017ca\u0142ujemy, \u017ce tak p\u00f3\u017ano zacz\u0119li\u015bmy na<br>nie je\u017adzi\u0107. To wspania\u0142a inicjatywa. Mieli\u015bmy mo\u017cliwo\u015b\u0107 spotka\u0107 si\u0119 z parami z naszego kursu,<br>wymieni\u0107 do\u015bwiadczeniami, pozna\u0107 nowe osoby. Po kursie kontakt z wieloma si\u0119 urwa\u0142, a przez<br>zjazd mogli\u015bmy odnowi\u0107 niekt\u00f3re relacje. Dzieci te\u017c zawsze \u015bwietnie si\u0119 bawi\u0105. Wiktor wymieni\u0142<br>si\u0119 numerami z jednym ch\u0142opcem i do dzisiaj do siebie dzwoni\u0105. Co prawda z regu\u0142y umawiaj\u0105 si\u0119,<br>by razem gra\u0107 na komputerze, ale jednak kontakt utrzymuj\u0105. Przy nast\u0119pnym zje\u017adzie na pewno<br>b\u0119d\u0105 chcieli si\u0119 spotka\u0107. Dzieci widz\u0105, \u017ce nie s\u0105 jedynymi adoptowanymi. Przekonali\u015bmy si\u0119 tak\u017ce,<br>jak wa\u017cne jest, by od samego pocz\u0105tku rozmawia\u0107 o adopcji. Dla naszych szkrab\u00f3w jest to co\u015b<br>normalnego, z czym wzrastali od zawsze. Podczas zjazdu poznali\u015bmy ojca, kt\u00f3ry poinformowa\u0142<br>swojego syna, \u017ce jest adoptowany dopiero, gdy sko\u0144czy\u0142 7 lat. Opowiada\u0142, \u017ce ch\u0142opiec nie mo\u017ce si\u0119<br>z tym pogodzi\u0107 i co jaki\u015b czas mu to wypomina, dlatego postanowi\u0142 przyjecha\u0107 z nim na zjazd, by<br>pokaza\u0107, \u017ce takich dzieci jest wi\u0119cej i wcale nie musz\u0105 czu\u0107 si\u0119 gorsze. Zjazdy s\u0105 potrzebne i dla<br>rodzic\u00f3w i dla dzieci. Organizowane podczas spotka\u0144 warsztaty zawsze s\u0105 niezmiernie ciekawe <br>i wnosz\u0105 co\u015b nowego. Je\u015bli tylko b\u0119dziemy mieli mo\u017cliwo\u015b\u0107, b\u0119dziemy si\u0119 na nich stawia\u0107.<br><\/em><br><em>Rodzice adopcyjni<\/em><br><br><em>Zjazd Rodzin Adopcyjnych jest wspania\u0142\u0105 inicjatyw\u0105, bardzo licz\u0119 na podobne spotkanie w przysz\u0142ym roku,<br>my\u015bla\u0142am, czy mo\u017cna by\u0142oby co\u015b ulepszy\u0107, ale w mojej ocenie spotkanie by\u0142o rewelacyjne i jedyne,<br>co bym ewentualnie zmieni\u0142a to miejsce na nieco bli\u017csze do Wroc\u0142awia.<\/em><br><br><em>Rodzice adopcyjni<\/em><br><br><em>Pojechali\u015bmy na Zjazd Rodzin Adopcyjnych mimo pewnych obaw \u2014 i ju\u017c wiemy, \u017ce by\u0142o warto!<br>Spotkanie przeros\u0142o nasze oczekiwania. Szczeg\u00f3lne wra\u017cenie zrobi\u0142 na nas fantastyczny<br>wyk\u0142ad oraz warsztat nt. nerwu b\u0142\u0119dnego prowadzony przez Pani\u0105 Izabel\u0119 Chlewi\u0144sk\u0105 \u2013 pe\u0142en<br>m\u0105dro\u015bci i praktycznych wskaz\u00f3wek. Zwrot \"puknij si\u0119 w g\u0142ow\u0119\" nabra\u0142 zupe\u0142nie innego znaczenia ;-) <br>Dzieci mia\u0142y zapewnion\u0105 \u015bwietn\u0105 zabaw\u0119, a my \u2013 doro\u015bli \u2013 mogli\u015bmy w tym czasie<br>porozmawia\u0107 z innymi rodzicami, podzieli\u0107 si\u0119 do\u015bwiadczeniami, a tak\u017ce zwyczajnie \u2013 poczu\u0107 si\u0119<br>zrozumiani. Synek jeszcze d\u0142ugo potem opowiada\u0142, \u017ce \"by\u0142 na adopcji i pozna\u0142 koleg\u0119\".<br>Wzruszaj\u0105cy by\u0142 tak\u017ce udzia\u0142 ksi\u0119dza biskupa Macieja Ma\u0142ygi - ka\u017cdej rodzinie udzieli\u0142<br>indywidualnego b\u0142ogos\u0142awie\u0144stwa i tak po prostu by\u0142 z nami przez wi\u0119kszo\u015b\u0107 dnia.<br>To by\u0142 wyj\u0105tkowy czas, kt\u00f3ry pokaza\u0142 nam, jak wa\u017cne i wspieraj\u0105ce s\u0105 takie spotkania.&nbsp; <br>Bardzo \u017ca\u0142ujemy, \u017ce zdecydowali\u015bmy si\u0119 tylko na jednodniowy udzia\u0142.<br>Do zobaczenia nast\u0119pnym razem \u2013 tym razem na d\u0142u\u017cej!<\/em><br><br><em>Rodzice adopcyjni<\/em><br><br><em>Co roku je\u017adzimy na zjazdy Rodzin Adopcyjnych z naszym O\u015brodkiem \u2013 kt\u00f3re ca\u0142a nasza tr\u00f3jka uwielbia.<br>Poznajemy tam super ludzi a nasza c\u00f3reczka ma tam ju\u017c swoich przyjaci\u00f3\u0142. <\/em><br><br><em>Rodzice adopcyjni<\/em><\/pre>\n\n\n\n<figure class=\"wp-block-gallery has-nested-images columns-default is-cropped wp-block-gallery-1 is-layout-flex wp-block-gallery-is-layout-flex\">\n<figure class=\"wp-block-image size-large\"><img fetchpriority=\"high\" decoding=\"async\" width=\"1024\" height=\"768\" data-id=\"1229\" src=\"https:\/\/adopcja.wroclaw.pl\/wp-content\/uploads\/IMG_20250524_114510-1024x768.jpg\" alt=\"\" class=\"wp-image-1229\" srcset=\"https:\/\/adopcja.wroclaw.pl\/wp-content\/uploads\/IMG_20250524_114510-1024x768.jpg 1024w, https:\/\/adopcja.wroclaw.pl\/wp-content\/uploads\/IMG_20250524_114510-300x225.jpg 300w, https:\/\/adopcja.wroclaw.pl\/wp-content\/uploads\/IMG_20250524_114510-768x576.jpg 768w, https:\/\/adopcja.wroclaw.pl\/wp-content\/uploads\/IMG_20250524_114510-1536x1152.jpg 1536w, https:\/\/adopcja.wroclaw.pl\/wp-content\/uploads\/IMG_20250524_114510-2048x1536.jpg 2048w\" sizes=\"(max-width: 1024px) 100vw, 1024px\" \/><\/figure>\n\n\n\n<figure class=\"wp-block-image size-large\"><img decoding=\"async\" width=\"768\" height=\"1024\" data-id=\"1230\" src=\"https:\/\/adopcja.wroclaw.pl\/wp-content\/uploads\/IMG_20250524_114431-1-768x1024.jpg\" alt=\"\" class=\"wp-image-1230\" srcset=\"https:\/\/adopcja.wroclaw.pl\/wp-content\/uploads\/IMG_20250524_114431-1-768x1024.jpg 768w, https:\/\/adopcja.wroclaw.pl\/wp-content\/uploads\/IMG_20250524_114431-1-225x300.jpg 225w, https:\/\/adopcja.wroclaw.pl\/wp-content\/uploads\/IMG_20250524_114431-1-1152x1536.jpg 1152w, https:\/\/adopcja.wroclaw.pl\/wp-content\/uploads\/IMG_20250524_114431-1-1536x2048.jpg 1536w, https:\/\/adopcja.wroclaw.pl\/wp-content\/uploads\/IMG_20250524_114431-1-scaled.jpg 1920w\" sizes=\"(max-width: 768px) 100vw, 768px\" \/><\/figure>\n\n\n\n<figure class=\"wp-block-image size-large\"><img decoding=\"async\" width=\"768\" height=\"1024\" data-id=\"1228\" src=\"https:\/\/adopcja.wroclaw.pl\/wp-content\/uploads\/IMG_20250524_101801-768x1024.jpg\" alt=\"\" class=\"wp-image-1228\" srcset=\"https:\/\/adopcja.wroclaw.pl\/wp-content\/uploads\/IMG_20250524_101801-768x1024.jpg 768w, https:\/\/adopcja.wroclaw.pl\/wp-content\/uploads\/IMG_20250524_101801-225x300.jpg 225w, https:\/\/adopcja.wroclaw.pl\/wp-content\/uploads\/IMG_20250524_101801-1152x1536.jpg 1152w, https:\/\/adopcja.wroclaw.pl\/wp-content\/uploads\/IMG_20250524_101801-1536x2048.jpg 1536w, https:\/\/adopcja.wroclaw.pl\/wp-content\/uploads\/IMG_20250524_101801-scaled.jpg 1920w\" sizes=\"(max-width: 768px) 100vw, 768px\" \/><\/figure>\n\n\n\n<figure class=\"wp-block-image size-large\"><img loading=\"lazy\" decoding=\"async\" width=\"768\" height=\"1024\" data-id=\"1214\" src=\"https:\/\/adopcja.wroclaw.pl\/wp-content\/uploads\/1000030568msza-768x1024.jpg\" alt=\"\" class=\"wp-image-1214\" srcset=\"https:\/\/adopcja.wroclaw.pl\/wp-content\/uploads\/1000030568msza-768x1024.jpg 768w, https:\/\/adopcja.wroclaw.pl\/wp-content\/uploads\/1000030568msza-225x300.jpg 225w, https:\/\/adopcja.wroclaw.pl\/wp-content\/uploads\/1000030568msza-1152x1536.jpg 1152w, https:\/\/adopcja.wroclaw.pl\/wp-content\/uploads\/1000030568msza-1536x2048.jpg 1536w, https:\/\/adopcja.wroclaw.pl\/wp-content\/uploads\/1000030568msza-scaled.jpg 1919w\" sizes=\"(max-width: 768px) 100vw, 768px\" \/><\/figure>\n\n\n\n<figure class=\"wp-block-image size-large\"><img loading=\"lazy\" decoding=\"async\" width=\"1024\" height=\"768\" data-id=\"1210\" src=\"https:\/\/adopcja.wroclaw.pl\/wp-content\/uploads\/IMG_20250524_105903pomszy-1024x768.jpg\" alt=\"\" class=\"wp-image-1210\" srcset=\"https:\/\/adopcja.wroclaw.pl\/wp-content\/uploads\/IMG_20250524_105903pomszy-1024x768.jpg 1024w, https:\/\/adopcja.wroclaw.pl\/wp-content\/uploads\/IMG_20250524_105903pomszy-300x225.jpg 300w, https:\/\/adopcja.wroclaw.pl\/wp-content\/uploads\/IMG_20250524_105903pomszy-768x576.jpg 768w, https:\/\/adopcja.wroclaw.pl\/wp-content\/uploads\/IMG_20250524_105903pomszy-1536x1152.jpg 1536w, https:\/\/adopcja.wroclaw.pl\/wp-content\/uploads\/IMG_20250524_105903pomszy-2048x1536.jpg 2048w\" sizes=\"(max-width: 1024px) 100vw, 1024px\" \/><\/figure>\n\n\n\n<figure class=\"wp-block-image size-large\"><img loading=\"lazy\" decoding=\"async\" width=\"768\" height=\"1024\" data-id=\"1216\" src=\"https:\/\/adopcja.wroclaw.pl\/wp-content\/uploads\/1000030597stitch-768x1024.jpg\" alt=\"\" class=\"wp-image-1216\" srcset=\"https:\/\/adopcja.wroclaw.pl\/wp-content\/uploads\/1000030597stitch-768x1024.jpg 768w, https:\/\/adopcja.wroclaw.pl\/wp-content\/uploads\/1000030597stitch-225x300.jpg 225w, https:\/\/adopcja.wroclaw.pl\/wp-content\/uploads\/1000030597stitch-1152x1536.jpg 1152w, https:\/\/adopcja.wroclaw.pl\/wp-content\/uploads\/1000030597stitch-1536x2048.jpg 1536w, https:\/\/adopcja.wroclaw.pl\/wp-content\/uploads\/1000030597stitch-scaled.jpg 1920w\" sizes=\"(max-width: 768px) 100vw, 768px\" \/><\/figure>\n\n\n\n<figure class=\"wp-block-image size-large\"><img loading=\"lazy\" decoding=\"async\" width=\"768\" height=\"1024\" data-id=\"1219\" src=\"https:\/\/adopcja.wroclaw.pl\/wp-content\/uploads\/1000030622odpoczynek-768x1024.jpg\" alt=\"\" class=\"wp-image-1219\" srcset=\"https:\/\/adopcja.wroclaw.pl\/wp-content\/uploads\/1000030622odpoczynek-768x1024.jpg 768w, https:\/\/adopcja.wroclaw.pl\/wp-content\/uploads\/1000030622odpoczynek-225x300.jpg 225w, https:\/\/adopcja.wroclaw.pl\/wp-content\/uploads\/1000030622odpoczynek-1152x1536.jpg 1152w, https:\/\/adopcja.wroclaw.pl\/wp-content\/uploads\/1000030622odpoczynek.jpg 1393w\" sizes=\"(max-width: 768px) 100vw, 768px\" \/><\/figure>\n\n\n\n<figure class=\"wp-block-image size-large\"><img loading=\"lazy\" decoding=\"async\" width=\"1024\" height=\"768\" data-id=\"1231\" src=\"https:\/\/adopcja.wroclaw.pl\/wp-content\/uploads\/IMG_20250524_124705dmuchaniec-1024x768.jpg\" alt=\"\" class=\"wp-image-1231\" srcset=\"https:\/\/adopcja.wroclaw.pl\/wp-content\/uploads\/IMG_20250524_124705dmuchaniec-1024x768.jpg 1024w, https:\/\/adopcja.wroclaw.pl\/wp-content\/uploads\/IMG_20250524_124705dmuchaniec-300x225.jpg 300w, https:\/\/adopcja.wroclaw.pl\/wp-content\/uploads\/IMG_20250524_124705dmuchaniec-768x576.jpg 768w, https:\/\/adopcja.wroclaw.pl\/wp-content\/uploads\/IMG_20250524_124705dmuchaniec-1536x1152.jpg 1536w, https:\/\/adopcja.wroclaw.pl\/wp-content\/uploads\/IMG_20250524_124705dmuchaniec-2048x1536.jpg 2048w\" sizes=\"(max-width: 1024px) 100vw, 1024px\" \/><\/figure>\n\n\n\n<figure class=\"wp-block-image size-large\"><img loading=\"lazy\" decoding=\"async\" width=\"1024\" height=\"768\" data-id=\"1224\" src=\"https:\/\/adopcja.wroclaw.pl\/wp-content\/uploads\/IMG_20250524_215244-1024x768.jpg\" alt=\"\" class=\"wp-image-1224\" srcset=\"https:\/\/adopcja.wroclaw.pl\/wp-content\/uploads\/IMG_20250524_215244-1024x768.jpg 1024w, https:\/\/adopcja.wroclaw.pl\/wp-content\/uploads\/IMG_20250524_215244-300x225.jpg 300w, https:\/\/adopcja.wroclaw.pl\/wp-content\/uploads\/IMG_20250524_215244-768x576.jpg 768w, https:\/\/adopcja.wroclaw.pl\/wp-content\/uploads\/IMG_20250524_215244-1536x1152.jpg 1536w, https:\/\/adopcja.wroclaw.pl\/wp-content\/uploads\/IMG_20250524_215244-2048x1536.jpg 2048w\" sizes=\"(max-width: 1024px) 100vw, 1024px\" \/><\/figure>\n\n\n\n<figure class=\"wp-block-image size-large\"><img loading=\"lazy\" decoding=\"async\" width=\"1024\" height=\"768\" data-id=\"1222\" src=\"https:\/\/adopcja.wroclaw.pl\/wp-content\/uploads\/IMG_20250524_212342-1024x768.jpg\" alt=\"\" class=\"wp-image-1222\" srcset=\"https:\/\/adopcja.wroclaw.pl\/wp-content\/uploads\/IMG_20250524_212342-1024x768.jpg 1024w, https:\/\/adopcja.wroclaw.pl\/wp-content\/uploads\/IMG_20250524_212342-300x225.jpg 300w, https:\/\/adopcja.wroclaw.pl\/wp-content\/uploads\/IMG_20250524_212342-768x576.jpg 768w, https:\/\/adopcja.wroclaw.pl\/wp-content\/uploads\/IMG_20250524_212342-1536x1152.jpg 1536w, https:\/\/adopcja.wroclaw.pl\/wp-content\/uploads\/IMG_20250524_212342-2048x1536.jpg 2048w\" sizes=\"(max-width: 1024px) 100vw, 1024px\" \/><\/figure>\n\n\n\n<figure class=\"wp-block-image size-large\"><img loading=\"lazy\" decoding=\"async\" width=\"1024\" height=\"768\" data-id=\"1223\" src=\"https:\/\/adopcja.wroclaw.pl\/wp-content\/uploads\/IMG_20250524_211214-1024x768.jpg\" alt=\"\" class=\"wp-image-1223\" srcset=\"https:\/\/adopcja.wroclaw.pl\/wp-content\/uploads\/IMG_20250524_211214-1024x768.jpg 1024w, https:\/\/adopcja.wroclaw.pl\/wp-content\/uploads\/IMG_20250524_211214-300x225.jpg 300w, https:\/\/adopcja.wroclaw.pl\/wp-content\/uploads\/IMG_20250524_211214-768x576.jpg 768w, https:\/\/adopcja.wroclaw.pl\/wp-content\/uploads\/IMG_20250524_211214-1536x1152.jpg 1536w, https:\/\/adopcja.wroclaw.pl\/wp-content\/uploads\/IMG_20250524_211214-2048x1536.jpg 2048w\" sizes=\"(max-width: 1024px) 100vw, 1024px\" \/><\/figure>\n<\/figure>\n","protected":false},"excerpt":{"rendered":"<p>Za nami majowy dwudniowy Zjazd Rodzin Adopcyjnych, w kt\u00f3rym wzi\u0119\u0142o udzia\u0142 w sumie 120 os\u00f3b \u2013 rodziny z dzie\u0107mi, zaproszeni go\u015bcie, pracownicy O\u015brodka i wolontariusze. To by\u0142 niezwykle tw\u00f3rczy i&nbsp;dynamiczny, pe\u0142en dobrych spotka\u0144 i rozm\u00f3w wsp\u00f3lny czas! Od strony duchowej towarzyszyli nam ks. Maciej Ma\u0142yga, biskup pomocniczy Archidiecezji Wroc\u0142awskiej i&nbsp;ks. Przemys\u0142aw Vogt, Diecezjalny Duszpasterz Rodzin&#8230;.<\/p>\n","protected":false},"author":1,"featured_media":0,"parent":0,"menu_order":0,"comment_status":"closed","ping_status":"closed","template":"","meta":{"footnotes":""},"class_list":["post-1364","page","type-page","status-publish","hentry"],"aioseo_notices":[],"_links":{"self":[{"href":"https:\/\/adopcja.wroclaw.pl\/index.php?rest_route=\/wp\/v2\/pages\/1364","targetHints":{"allow":["GET"]}}],"collection":[{"href":"https:\/\/adopcja.wroclaw.pl\/index.php?rest_route=\/wp\/v2\/pages"}],"about":[{"href":"https:\/\/adopcja.wroclaw.pl\/index.php?rest_route=\/wp\/v2\/types\/page"}],"author":[{"embeddable":true,"href":"https:\/\/adopcja.wroclaw.pl\/index.php?rest_route=\/wp\/v2\/users\/1"}],"replies":[{"embeddable":true,"href":"https:\/\/adopcja.wroclaw.pl\/index.php?rest_route=%2Fwp%2Fv2%2Fcomments&post=1364"}],"version-history":[{"count":4,"href":"https:\/\/adopcja.wroclaw.pl\/index.php?rest_route=\/wp\/v2\/pages\/1364\/revisions"}],"predecessor-version":[{"id":1404,"href":"https:\/\/adopcja.wroclaw.pl\/index.php?rest_route=\/wp\/v2\/pages\/1364\/revisions\/1404"}],"wp:attachment":[{"href":"https:\/\/adopcja.wroclaw.pl\/index.php?rest_route=%2Fwp%2Fv2%2Fmedia&parent=1364"}],"curies":[{"name":"wp","href":"https:\/\/api.w.org\/{rel}","templated":true}]}}