{"id":1321,"date":"2025-11-21T14:46:59","date_gmt":"2025-11-21T13:46:59","guid":{"rendered":"https:\/\/adopcja.wroclaw.pl\/?page_id=1321"},"modified":"2026-03-12T14:04:24","modified_gmt":"2026-03-12T13:04:24","slug":"waznych-jest-kilka-tych-chwil","status":"publish","type":"page","link":"https:\/\/adopcja.wroclaw.pl\/?page_id=1321","title":{"rendered":"&#8222;Wa\u017cnych jest kilka tych chwil&#8221;"},"content":{"rendered":"\n<pre class=\"wp-block-preformatted has-ibm-plex-serif-font-family has-medium-font-size\" style=\"text-transform:none\">Zawsze widzia\u0142am siebie jako Mam\u0119, ale czas mija\u0142, a ja nie pozna\u0142am nikogo, z kim<br>mog\u0142abym stworzy\u0107 Rodzin\u0119 i tak w pewnym momencie stan\u0119\u0142am u progu 40 - tych urodzin powoli<br>godz\u0105c si\u0119, \u017ce Mam\u0105 ju\u017c nie zostan\u0119. W mi\u0119dzyczasie zosta\u0142am Mam\u0105 Chrzestn\u0105, wi\u0119c pociesza\u0142am<br>si\u0119 faktem, ze mam dw\u00f3jk\u0119 wspania\u0142ych Chrze\u015bniak\u00f3w.<br><br>Kilka miesi\u0119cy przed moimi 40 - tymi urodzinami otrzyma\u0142am zaproszenie na jubileuszowe<br>spotkanie mojej klasy. Jedn\u0105 z uczestniczek tego wydarzenia by\u0142a moja szkolna kole\u017canka, kt\u00f3ra<br>podzieli\u0142a si\u0119 z nami informacj\u0105, \u017ce zosta\u0142a kilka lat wcze\u015bniej Mam\u0105 Adopcyjn\u0105 wspania\u0142ej<br>dziewczynki, a w procesie adopcyjnym wzi\u0119\u0142a udzia\u0142 jako osoba samotna. Ta wiadomo\u015b\u0107 by\u0142a dla<br>mnie olbrzymim zaskoczeniem, g\u0142\u00f3wnie dlatego, \u017ce zupe\u0142nie nie mia\u0142am poj\u0119cia, i\u017c do procesu<br>adopcyjnego w naszym kraju mog\u0105 przyst\u0105pi\u0107 r\u00f3wnie\u017c osoby samotne. Z perspektywy czasu wiem, \u017ce<br>to spotkanie i ta informacja by\u0142y momentem zwrotnym w moim \u017cyciu. Ju\u017c nast\u0119pnego dnia przejrza\u0142am<br>Internet i okaza\u0142o si\u0119, \u017ce faktycznie samodzielna adopcja jest jak najbardziej mo\u017cliwa. I tutaj zacz\u0119\u0142y<br>si\u0119 rozmy\u015blania, a mo\u017ce i ja mog\u0142abym spr\u00f3bowa\u0107 wzi\u0105\u0107 udzia\u0142 w procesie adopcyjnym. Ale jak? Od<br>czego zacz\u0105\u0107? Jak si\u0119 przygotowa\u0107? To by\u0142y pytania, kt\u00f3re nieustannie ko\u0142ata\u0142y si\u0119 po mojej g\u0142owie.<br>Stwierdzi\u0142am, \u017ce najpierw zaczn\u0119 od wyszukania instytucji, kt\u00f3ra zajmuje si\u0119 adopcj\u0105. Znalaz\u0142am<br>informacj\u0119, \u017ce t\u0105 instytucj\u0105 s\u0105 o\u015brodki adopcyjne oraz, \u017ce we Wroc\u0142awiu (mie\u015bcie, w kt\u00f3rym<br>mieszkam) s\u0105 dwa takie o\u015brodki, w tym Archidiecezjalny O\u015brodek Adopcyjny na Ostrowie Tumskim.<br>Wyb\u00f3r by\u0142 dla mnie oczywisty, po pierwsze bo jestem osob\u0105 wierz\u0105c\u0105, ale te\u017c nie bez znaczenia by\u0142<br>fakt, \u017ce ten o\u015brodek znajduje si\u0119 w bliskim s\u0105siedztwie mojej pracy.<br><br>Pozosta\u0142o ju\u017c tylko zadzwoni\u0107 i um\u00f3wi\u0107 si\u0119 na spotkanie, ale podj\u0119cie tej ostatecznej decyzji<br>zaj\u0119\u0142o mi dwa miesi\u0105ce, a\u017c kt\u00f3rego\u015b dnia po prostu wykr\u0119ci\u0142am numer i um\u00f3wi\u0142am si\u0119 na spotkanie<br>informacyjne, zupe\u0142nie anonimowe i niezobowi\u0105zuj\u0105ce.<br>Pierwsze spotkanie by\u0142o dla mnie potwierdzeniem, \u017ce podejmuj\u0119 w\u0142a\u015bciw\u0105 decyzj\u0119. Zosta\u0142am<br>wys\u0142uchana, kiedy dzieli\u0142am si\u0119 swoimi pytaniami, obawami, niewiadomymi. Pad\u0142y pytania, sk\u0105d<br>decyzja o adopcji, na jakie dziecko jestem gotowa i jak wyobra\u017cam sobie wychowanie dziecka <br>w pojedynk\u0119.<br><br>Nad um\u00f3wieniem drugiego spotkania, czyli spotkaniem formalnym dotycz\u0105cym dokumentacji<br>nie musia\u0142am si\u0119 ju\u017c zastanawia\u0107. Otrzyma\u0142am wtedy list\u0119 dokument\u00f3w, kt\u00f3re musz\u0119 zgromadzi\u0107,<br>\u017ceby rozpocz\u0105\u0107 proces ubiegania si\u0119 o adopcj\u0119, lista nie by\u0142a ani d\u0142uga, ani nie do wykonania, wi\u0119c<br>wkr\u00f3tce pojawi\u0142am si\u0119 z teczk\u0105 wymaganych dokument\u00f3w. I tak zacz\u0119\u0142a si\u0119 moja historia <br>w Archidiecezjalnym O\u015brodku Adopcyjnym we Wroc\u0142awiu, rozmowy z tamtejszymi Paniami Psycholog<br>maj\u0105ce na celu sprawdzenie mojej gotowo\u015bci wspominam bardzo pozytywnie, chocia\u017c oczywi\u015bcie<br>towarzyszy\u0142 mi lekki stres.<br><br>Dok\u0142adnie w przededniu moich urodzin otrzyma\u0142am telefon, \u017ce moja kandydatura zosta\u0142a<br>zaakceptowana i mog\u0119 rozpocz\u0105\u0107 proces przygotowawczy, czyli szkolenie. Szkolenie trwa\u0142o kilka<br>tygodni, pozna\u0142am innych ludzi, kt\u00f3rzy znale\u017ali si\u0119 w mojej grupie, razem si\u0119 wspierali\u015bmy, dzielili\u015bmy<br>pytaniami i obawami i to wsparcie w kilku przypadkach przerodzi\u0142o si\u0119 w przyja\u017a\u0144, kt\u00f3ra trwa do teraz <br>i spotykamy si\u0119 ju\u017c jako Rodzice wsp\u00f3lnie z naszymi Dzie\u0107mi.<br><br>Szkolenie zako\u0144czy\u0142o si\u0119 testem psychologicznym i odwiedzinami Pa\u0144 z O\u015brodka w\u00a0naszych<br>domach, \u017ceby pozna\u0107 nas jeszcze lepiej. Po kilku tygodniach dosta\u0142am informacj\u0119 z O\u015brodka, \u017ce<br>otrzyma\u0142am kwalifikacj\u0119 i mog\u0119 ju\u017c czeka\u0107 na ten wymarzony telefon.<br><br>Czekanie na TEN telefon to dla mnie by\u0142 trudniejszy etap, bo czas bardzo mi si\u0119 wtedy d\u0142u\u017cy\u0142,<br>zw\u0142aszcza, \u017ce inni Rodzice z mojej grupy poznali ju\u017c swoje Dzieci, a ja ci\u0105gle czeka\u0142am. Dzisiaj <br>z perspektywy czasu, wiem, \u017ce osiem miesi\u0119cy to bardzo kr\u00f3tki czas, ale wtedy praktycznie codziennie<br>liczy\u0142am, \u017ce telefon zadzwoni. No i zadzwoni\u0142 dok\u0142adnie w\u00a0czwartek 18 stycznia 2024 roku. Rozmow\u0119<br>pami\u0119tam doskonale, Pani z O\u015brodka powiedzia\u0142a mi o\u00a0pewnej Male\u0144kiej 26 - miesi\u0119cznej<br>Dziewczynce, kt\u00f3ra czeka na swoj\u0105 Mam\u0119, ale to nie by\u0142a lukrowana rozmowa, bo Pani wspomnia\u0142a,<br>\u017ce ta Dziewczynka w swojej karcie ma bardzo powa\u017cn\u0105 diagnoz\u0119, wspomnia\u0142a r\u00f3wnie\u017c, \u017ce ona sama<br>pozna\u0142a t\u0119 Dziewczynk\u0119 i wg jej do\u015bwiadczenia jako psychologa dziecko mo\u017ce dobrze<br>zafunkcjonowa\u0107 mimo tej diagnozy. Zapyta\u0142a, czy jestem gotowa na spotkanie, \u017ceby odczyta\u0107 ca\u0142\u0105<br>Kart\u0119 Dziecka, zw\u0142aszcza, \u017ce Dziewczynka jest nieco m\u0142odsza, ni\u017c wiek, kt\u00f3ry deklarowa\u0142am. Mia\u0142am<br>obawy, ale mimo to zgodzi\u0142am si\u0119 natychmiast. Spotkanie zosta\u0142o um\u00f3wione kilka dni p\u00f3\u017aniej i te kilka<br>dni to by\u0142y chyba najd\u0142u\u017csze dni w mim \u017cyciu.<br><br>Odczytanie Karty Dziecka w O\u015brodku to tak emocjonuj\u0105cy moment, \u017ce nawet dzisiaj po<br>czasie, kiedy o tym pisz\u0119 \u2013 r\u0119ka mi dr\u017cy. Karta Dziecka by\u0142a kompleksowa, zawiera\u0142a wiele informacji,<br>\u0142\u0105cznie ze szczeg\u00f3\u0142ami diagnozy oraz innymi trudnymi szczeg\u00f3\u0142ami z \u017cycia tej Dziewczynki. My\u015bli<br>mia\u0142am pe\u0142ne strachu, obaw, w\u0105tpliwo\u015bci, powiedzia\u0142abym wr\u0119cz, \u017ce w\u00a0tamtym momencie by\u0142am<br>sparali\u017cowana tym, co us\u0142ysza\u0142am. Jednak zgodzi\u0142am si\u0119 pojecha\u0107 do Domu Dziecka, \u017ceby J\u0105<br>pozna\u0107, cho\u0107 przyznam, \u017ce liczy\u0142am si\u0119 wtedy bardziej z\u00a0tym, \u017ce po wizycie w plac\u00f3wce powiem \u201enie,<br>ja nie dam rady, chc\u0119 poczeka\u0107 na inne dziecko\u201d.<br><br>Wizyta w Domu Dziecka zosta\u0142a zaplanowana na nast\u0119pny dzie\u0144, posz\u0142am wi\u0119c kupi\u0107 drobny<br>upominek dla Dziewczynki, ale przez ca\u0142y czas w g\u0142owie m\u00f3wi\u0142am sobie: \u201eJedziesz powiedzie\u0107: nie\u201d.<br>Pojecha\u0142am do Domu Dziecka w Krzydlinie w \u015brod\u0119 24 stycznia 2024 roku i\u00a0to jest TEN dzie\u0144 kiedy<br>zosta\u0142am Mam\u0105. Ale zanim to nast\u0105pi\u0142o, m\u00f3j parali\u017c l\u0119kowy dosi\u0119gn\u0105\u0142 zenitu, nie wiem, czy<br>jakiekolwiek inne wydarzenia w moim \u017cyciu wywo\u0142a\u0142o u mnie tyle l\u0119ku. Drog\u0119 do Krzydliny wspominam<br>jako nieko\u0144cz\u0105ca si\u0119, mia\u0142am wra\u017cenie, \u017ce trwa wieczno\u015b\u0107. Potem by\u0142o spotkanie z Siostr\u0105 Dyrektor <br>i kilkoma innymi pracownikami plac\u00f3wki, to co zapami\u0119ta\u0142am, to uwaga Pa\u0144 rzucona mi\u0119dzy sob\u0105, \u017ce<br>jeste\u015bmy z t\u0105 Dziewczynk\u0105\u2026 do siebie bardzo podobne wizualnie, ale wtedy to zignorowa\u0142am<br>skupiona zupe\u0142nie na tym, \u017ce przyjecha\u0142am powiedzie\u0107 \u201enie\u201d. Po kr\u00f3tkiej rozmowie z Siostr\u0105 Dyrektor<br>pad\u0142o wreszcie to najbardziej parali\u017cuj\u0105ce pytanie, czy chc\u0119, czy jestem gotowa pozna\u0107 t\u0119<br>Dziewczynk\u0119. A ja powiedzia\u0142am \u201etak\u201d (nadal w g\u0142owie maj\u0105c, \u017ce i tak po spotkaniu powiem nie).<br><br>Pami\u0119tam doskonale moment, jak wchodz\u0119 do pokoju spotka\u0144, a moja Zosia siedzi sobie na<br>kanapie wystrojona jak ma\u0142a ksi\u0119\u017cniczka i na mnie czeka. To by\u0142a mi\u0142o\u015b\u0107 od pierwszej sekundy, ju\u017c<br>wtedy wiedzia\u0142am, \u017ce to jest moja C\u00f3rka, \u017ce to na ni\u0105 zawsze czeka\u0142am. Nasze pierwsze spotkanie<br>trwa\u0142o ok. godziny, to by\u0142a wsp\u00f3lna zabawa, ale przede wszystkim nasze zapoznanie. <br>Po odprowadzeniu Zosi do Sali dzieci zosta\u0142am poproszona przez Siostr\u0119 Dyrektor o podzielenie si\u0119<br>moimi wra\u017ceniami, nie pami\u0119tam co wtedy powiedzia\u0142am, ale wiedzia\u0142am ju\u017c, \u017ce powiem \u201etak\u201d.<br><br>Otrzyma\u0142am kilka dni na podj\u0119cie decyzji i poproszono mnie, \u017cebym o niczym nie decydowa\u0142a<br>pochopnie, od razu, ale to dla mnie by\u0142a ju\u017c tylko formalno\u015b\u0107, odczeka\u0142am do nast\u0119pnego dnia <br>i zadzwoni\u0142am do O\u015brodka potwierdzaj\u0105c moja gotowo\u015b\u0107 do adopcji Zosi.<br><br>Od tego momentu mog\u0142am ju\u017c je\u017adzi\u0107 do niej, wzi\u0119\u0142am wi\u0119c urlop i je\u017adzi\u0142am codziennie,<br>droga do Krzydliny nadal mi si\u0119 d\u0142u\u017cy\u0142a ale ju\u017c z innego powodu, zwyczajnie nie mog\u0142am si\u0119<br>doczeka\u0107, a\u017c znowu zobacz\u0119 moja C\u00f3reczk\u0119. Mia\u0142am to szcz\u0119\u015bcie, \u017ce S\u0105d bardzo szybko wyda\u0142<br>zgod\u0119 na zabranie Zosi do naszego domu. I tak 12 lutego 2024 roku Zosia przyjecha\u0142a ze mn\u0105 do<br>Wroc\u0142awia. W mi\u0119dzyczasie z pomoc\u0105 Rodzic\u00f3w przygotowa\u0142am dla niej pok\u00f3j, zgromadzi\u0142am<br>wyprawk\u0119 i kilka zabawek na pocz\u0105tek, chocia\u017c zw\u0142aszcza w tych pierwszych dniach i tak \u017cadna<br>zabawka nie robi\u0142a takiej furory, jak ogl\u0105danie pior\u0105cej pralki.<br><br>Czy mia\u0142y\u015bmy jakie\u015b problemy na pocz\u0105tku? Tak jeden \u2013 problem z zasypianiem, ale powoli <br>z dnia na dzie\u0144 by\u0142o coraz lepiej, na pocz\u0105tku Zosia nie by\u0142a w stanie ze mn\u0105 zasn\u0105\u0107, za to po kilku<br>tygodniach nie by\u0142a w stanie zasn\u0105\u0107 ju\u017c beze mnie. Oczywi\u015bcie pojawienie si\u0119 Dziecka zmieni\u0142o moje<br>\u017cycie diametralnie, ale pomimo, i\u017c \u017cycie singla jest znacznie \u0142atwiejsze, to nigdy nie chcia\u0142abym ju\u017c do<br>niego wr\u00f3ci\u0107.<br><br>Diagnoza zamieszczona w Karcie Dziecka okaza\u0142a si\u0119 by\u0107 na wyrost.<br>Przeprowadzi\u0142am diagnostyk\u0119 z zakresu pediatrii, psychologii i integracji sensorycznej, poniewa\u017c<br>wierz\u0119, \u017ce ewentualne problemy najlepiej rozpocz\u0105\u0107 leczy\u0107 jak najwcze\u015bniej, ale \u017caden specjalista nie<br>znalaz\u0142 obszar\u00f3w do niepokoju, czy leczenia. Zosia rozwija si\u0119 cudownie, zewsz\u0105d s\u0142ysz\u0119, \u017ce wr\u0119cz<br>kwitnie, jest wspania\u0142\u0105, samodzieln\u0105, bardzo pogodn\u0105 Dziewczynk\u0105, bardzo lubi ludzi, jest otwarta na<br>innych, niez\u0142a z niej ma\u0142a \u0141obuziara, kt\u00f3ra uwielbia ruch, wspinaczk\u0119 i jazd\u0119 na rowerku.<br>Mam kontakt z innymi Rodzinami Adopcyjnymi, nasze Dzieciaki czasem si\u0119 spotykaj\u0105.<br>Wspaniale jest patrze\u0107 na Rodziny, kt\u00f3re by\u0107 mo\u017ce nie s\u0105 zwi\u0105zane z sob\u0105 biologicznie, ale<br>niew\u0105tpliwie s\u0105 zwi\u0105zane znacznie silniejsz\u0105 wi\u0119zi\u0105, Mi\u0142o\u015bci\u0105.<br><br><em>Mama Adopcyjna<\/em><\/pre>\n","protected":false},"excerpt":{"rendered":"<p>Zawsze widzia\u0142am siebie jako Mam\u0119, ale czas mija\u0142, a ja nie pozna\u0142am nikogo, z kimmog\u0142abym stworzy\u0107 Rodzin\u0119 i tak w pewnym momencie stan\u0119\u0142am u progu 40 &#8211; tych urodzin powoligodz\u0105c si\u0119, \u017ce Mam\u0105 ju\u017c nie zostan\u0119. W mi\u0119dzyczasie zosta\u0142am Mam\u0105 Chrzestn\u0105, wi\u0119c pociesza\u0142amsi\u0119 faktem, ze mam dw\u00f3jk\u0119 wspania\u0142ych Chrze\u015bniak\u00f3w.Kilka miesi\u0119cy przed moimi 40 &#8211; tymi&#8230;<\/p>\n","protected":false},"author":1,"featured_media":0,"parent":0,"menu_order":0,"comment_status":"closed","ping_status":"closed","template":"","meta":{"footnotes":""},"class_list":["post-1321","page","type-page","status-publish","hentry"],"aioseo_notices":[],"_links":{"self":[{"href":"https:\/\/adopcja.wroclaw.pl\/index.php?rest_route=\/wp\/v2\/pages\/1321","targetHints":{"allow":["GET"]}}],"collection":[{"href":"https:\/\/adopcja.wroclaw.pl\/index.php?rest_route=\/wp\/v2\/pages"}],"about":[{"href":"https:\/\/adopcja.wroclaw.pl\/index.php?rest_route=\/wp\/v2\/types\/page"}],"author":[{"embeddable":true,"href":"https:\/\/adopcja.wroclaw.pl\/index.php?rest_route=\/wp\/v2\/users\/1"}],"replies":[{"embeddable":true,"href":"https:\/\/adopcja.wroclaw.pl\/index.php?rest_route=%2Fwp%2Fv2%2Fcomments&post=1321"}],"version-history":[{"count":2,"href":"https:\/\/adopcja.wroclaw.pl\/index.php?rest_route=\/wp\/v2\/pages\/1321\/revisions"}],"predecessor-version":[{"id":1423,"href":"https:\/\/adopcja.wroclaw.pl\/index.php?rest_route=\/wp\/v2\/pages\/1321\/revisions\/1423"}],"wp:attachment":[{"href":"https:\/\/adopcja.wroclaw.pl\/index.php?rest_route=%2Fwp%2Fv2%2Fmedia&parent=1321"}],"curies":[{"name":"wp","href":"https:\/\/api.w.org\/{rel}","templated":true}]}}