{"id":1312,"date":"2025-11-21T14:07:40","date_gmt":"2025-11-21T13:07:40","guid":{"rendered":"https:\/\/adopcja.wroclaw.pl\/?page_id=1312"},"modified":"2026-03-30T16:51:52","modified_gmt":"2026-03-30T15:51:52","slug":"nasza-droga-do-rodzicielstwa","status":"publish","type":"page","link":"https:\/\/adopcja.wroclaw.pl\/?page_id=1312","title":{"rendered":"&#8222;Nasza droga do rodzicielstwa&#8221;"},"content":{"rendered":"\n<p class=\"has-ibm-plex-serif-font-family has-medium-font-size\" style=\"text-transform:none\">Od zawsze chcieli\u015bmy mie\u0107 dzieci.<br>Nied\u0142ugo po \u015blubie zasz\u0142am w upragnion\u0105 ci\u0105\u017c\u0119. Ch\u0142opiec \u2013 b\u0119dzie Wojtek! Imi\u0119 wybra\u0142 m\u0105\u017c. Ci\u0105\u017ca przebiega\u0142a<br>wzorowo a ja czu\u0142am si\u0119 wspaniale. Prawie na \u201emecie\u201d posz\u0142am do lekarza na rutynowe badanie. Podczas badania USG co\u015b zaniepokoi\u0142o lekarza. Wojtu\u015b nie ro\u015bnie\u2026dosta\u0142am na cito skierowanie do szpitala..<br>W szpitalu kolejne badania i co rusz nowe tragiczne wie\u015bci na temat zdrowia naszego synka. W ko\u0144cu ta<br>najgorsza, Wojtek ma wad\u0119 genetyczn\u0105 &#8211; letaln\u0105. Nasz malutki synek by\u0142 z nami 10 pi\u0119knych dni&#8230;<\/p>\n\n\n\n<p class=\"has-ibm-plex-serif-font-family has-medium-font-size\" style=\"text-transform:none\"><br>To by\u0142 najgorszy czas w naszym \u017cyciu. Mieli\u015bmy ogrom wsparcia od rodziny, wspierali\u015bmy siebie nawzajem. W<br>mi\u0119dzyczasie adoptowali\u015bmy ma\u0142ego niewidomego kotka, kt\u00f3ry okaza\u0142 si\u0119 najlepszym terapeut\u0105\u2026 Poma\u0142u<br>zaczynali\u015bmy \u017cy\u0107 na nowo, u\u015bmiecha\u0107 si\u0119, planowa\u0107 i znowu marzy\u0107 o dziecku\u2026strach jednak by\u0142 du\u017cy. Bali\u015bmy<br>si\u0119, \u017ce kolejne dziecko r\u00f3wnie\u017c mo\u017ce urodzi\u0107 si\u0119 chore. Zacz\u0119li\u015bmy rozmawia\u0107 o adopcji, troch\u0119 poczyta\u0142am,<br>troch\u0119 podpyta\u0142am kole\u017cank\u0119, kt\u00f3ra ju\u017c wtedy by\u0142a mam\u0105 adoptowanej c\u00f3reczki. I tak si\u0119 zacz\u0119\u0142o \u2026 O naszej<br>decyzji powiedzieli\u015bmy rodzicom, kt\u00f3rzy bardzo nas wspierali.<\/p>\n\n\n\n<p class=\"has-ibm-plex-serif-font-family has-medium-font-size\" style=\"text-transform:none\"><br>Zg\u0142osili\u015bmy si\u0119 do Archidiecezjalnego O\u015brodka Adopcyjnego we Wroc\u0142awiu, gdzie z Pani\u0105 pedagog<br>porozmawiali\u015bmy o nas, o planach i w og\u00f3le o \u017cyciu Zebrali\u015bmy niezb\u0119dne dokumenty i czekali\u015bmy na kurs.<br>Atmosfera na kursie by\u0142a bardzo rodzinna, a Pani prowadz\u0105ca \u2013 cudowna. W mi\u0119dzyczasie mieli\u015bmy spotkania z<br>psychologiem, wizyt\u0119 pedagoga z O\u015brodka w domu. Wszystkie te spotkania bardzo nam pomog\u0142y zrozumie\u0107 ca\u0142y<br>proces adopcji.<br>Otrzymali\u015bmy kwalifikacj\u0119 i od tej pory oficjalnie byli\u015bmy kandydatami na rodzic\u00f3w adopcyjnych. Czekali\u015bmy na ten telefon. To by\u0142 czas kiedy sobie wyobra\u017cali\u015bmy nasze dziecko. Wtedy te\u017c o naszej decyzji powiedzieli\u015bmy naszym przyjacio\u0142om i znajomym. Wszyscy bardzo nam kibicowali.<\/p>\n\n\n\n<p class=\"has-ibm-plex-serif-font-family has-medium-font-size\" style=\"text-transform:none\"><br>Telefon zadzwoni\u0142 po 1,5 roku. Tego momentu naprawd\u0119 nie da si\u0119 zapomnie\u0107. Jechali\u015bmy akurat autem z moimi<br>rodzicami, jak zadzwoni\u0142a Pani z O\u015brodka i powiedzia\u0142a, \u017ce ma dla nas bardzo dobr\u0105 wiadomo\u015b\u0107\u2026\u201ddziewczynka,<br>Karolinka, ma 15 miesi\u0119cy\u2026\u201d. Zacz\u0119\u0142y si\u0119 szalone przygotowywania \u2013 bo z racji tego, \u017ce wcze\u015bniej nie<br>wiedzieli\u015bmy, jakiej p\u0142ci i w jakim wieku b\u0119dzie dziecko \u2013 nie mieli\u015bmy kompletnie nic. Po dw\u00f3ch tygodniach<br>poznali\u015bmy nasz\u0105 c\u00f3reczk\u0119. Malutk\u0105, \u015bliczn\u0105, przeurocz\u0105. Nasze pierwsze spotkanie i ka\u017cde kolejne by\u0142y tak<br>pi\u0119kne. Malutk\u0105 odwiedzali\u015bmy codziennie przez dwa tygodnie, po tym czasie zabrali\u015bmy do domu ju\u017c na<br>zawsze\u2026<\/p>\n\n\n\n<p class=\"has-ibm-plex-serif-font-family has-medium-font-size\" style=\"text-transform:none\"><br>Rodzin\u0105 jeste\u015bmy prawie 7 lat. Nasza c\u00f3reczka jest wspania\u0142\u0105, pe\u0142n\u0105 empatii cudown\u0105 dziewczynk\u0105 o pi\u0119knym<br>serduszku. Kocha przyrod\u0119, zwierz\u0119ta i sport. Od pocz\u0105tku jej m\u00f3wili\u015bmy jak zostali\u015bmy rodzin\u0105, dla nikogo nie jest to temat tabu. Co roku je\u017adzimy na zjazdy Rodzin Adopcyjnych z naszym O\u015brodkiem \u2013 kt\u00f3re ca\u0142a nasza tr\u00f3jka<br>uwielbia. Poznajemy tam super ludzi a nasza c\u00f3reczka ma tam ju\u017c swoich przyjaci\u00f3\u0142.<br>Warto by\u0142o czeka\u0107\u2026<\/p>\n\n\n\n<p class=\"has-ibm-plex-serif-font-family has-medium-font-size\" style=\"text-transform:none\"><em>Renata i Tomasz<\/em><\/p>\n","protected":false},"excerpt":{"rendered":"<p>Od zawsze chcieli\u015bmy mie\u0107 dzieci.Nied\u0142ugo po \u015blubie zasz\u0142am w upragnion\u0105 ci\u0105\u017c\u0119. Ch\u0142opiec \u2013 b\u0119dzie Wojtek! Imi\u0119 wybra\u0142 m\u0105\u017c. Ci\u0105\u017ca przebiega\u0142awzorowo a ja czu\u0142am si\u0119 wspaniale. Prawie na \u201emecie\u201d posz\u0142am do lekarza na rutynowe badanie. Podczas badania USG co\u015b zaniepokoi\u0142o lekarza. Wojtu\u015b nie ro\u015bnie\u2026dosta\u0142am na cito skierowanie do szpitala..W szpitalu kolejne badania i co rusz nowe&#8230;<\/p>\n","protected":false},"author":1,"featured_media":0,"parent":0,"menu_order":0,"comment_status":"closed","ping_status":"closed","template":"","meta":{"footnotes":""},"class_list":["post-1312","page","type-page","status-publish","hentry"],"aioseo_notices":[],"_links":{"self":[{"href":"https:\/\/adopcja.wroclaw.pl\/index.php?rest_route=\/wp\/v2\/pages\/1312","targetHints":{"allow":["GET"]}}],"collection":[{"href":"https:\/\/adopcja.wroclaw.pl\/index.php?rest_route=\/wp\/v2\/pages"}],"about":[{"href":"https:\/\/adopcja.wroclaw.pl\/index.php?rest_route=\/wp\/v2\/types\/page"}],"author":[{"embeddable":true,"href":"https:\/\/adopcja.wroclaw.pl\/index.php?rest_route=\/wp\/v2\/users\/1"}],"replies":[{"embeddable":true,"href":"https:\/\/adopcja.wroclaw.pl\/index.php?rest_route=%2Fwp%2Fv2%2Fcomments&post=1312"}],"version-history":[{"count":3,"href":"https:\/\/adopcja.wroclaw.pl\/index.php?rest_route=\/wp\/v2\/pages\/1312\/revisions"}],"predecessor-version":[{"id":1463,"href":"https:\/\/adopcja.wroclaw.pl\/index.php?rest_route=\/wp\/v2\/pages\/1312\/revisions\/1463"}],"wp:attachment":[{"href":"https:\/\/adopcja.wroclaw.pl\/index.php?rest_route=%2Fwp%2Fv2%2Fmedia&parent=1312"}],"curies":[{"name":"wp","href":"https:\/\/api.w.org\/{rel}","templated":true}]}}