{"id":1091,"date":"2025-03-03T16:21:35","date_gmt":"2025-03-03T15:21:35","guid":{"rendered":"https:\/\/adopcja.wroclaw.pl\/?page_id=1091"},"modified":"2026-03-30T16:44:07","modified_gmt":"2026-03-30T15:44:07","slug":"dla-osob-adoptowanych","status":"publish","type":"page","link":"https:\/\/adopcja.wroclaw.pl\/?page_id=1091","title":{"rendered":"Dla os\u00f3b adoptowanych"},"content":{"rendered":"\n<div class=\"wp-block-group is-layout-constrained wp-block-group-is-layout-constrained\">\n<p class=\"has-ibm-plex-serif-font-family has-medium-font-size\" style=\"text-transform:none\">Witaj, <br>Jest taki pi\u0119kny tekst w Biblii, w Ksi\u0119dze Psalm\u00f3w, kt\u00f3ry przyszed\u0142 nam na my\u015bl, gdy postanowili\u015bmy napisa\u0107 kilka s\u0142\u00f3w do Ciebie:<br><br><em>Bo Ty m\u00f3j Bo\u017ce, jeste\u015b moj\u0105 nadziej\u0105, <br>Panie, Tobie ufam od m\u0142odo\u015bci <br>Ty by\u0142e\u015b moj\u0105 podpor\u0105 od dnia narodzin,<br>Od \u0142ona matki moim opiekunem <br>Psalm 71, 5-6<\/em><br><\/p>\n<\/div>\n\n\n\n<figure class=\"wp-block-image size-large is-resized\"><img fetchpriority=\"high\" decoding=\"async\" width=\"1024\" height=\"683\" src=\"https:\/\/adopcja.wroclaw.pl\/wp-content\/uploads\/1755529392439-1024x683.jpg\" alt=\"\" class=\"wp-image-1284\" style=\"width:561px;height:auto\" srcset=\"https:\/\/adopcja.wroclaw.pl\/wp-content\/uploads\/1755529392439-1024x683.jpg 1024w, https:\/\/adopcja.wroclaw.pl\/wp-content\/uploads\/1755529392439-300x200.jpg 300w, https:\/\/adopcja.wroclaw.pl\/wp-content\/uploads\/1755529392439-768x512.jpg 768w, https:\/\/adopcja.wroclaw.pl\/wp-content\/uploads\/1755529392439-1536x1024.jpg 1536w, https:\/\/adopcja.wroclaw.pl\/wp-content\/uploads\/1755529392439-2048x1365.jpg 2048w\" sizes=\"(max-width: 1024px) 100vw, 1024px\" \/><\/figure>\n\n\n\n<p class=\"has-ibm-plex-serif-font-family has-medium-font-size\" style=\"text-transform:none\">Psalmy powstawa\u0142y w staro\u017cytno\u015bci na przestrzeni ponad 1000 lat. Ju\u017c wtedy kto\u015b napisa\u0142 s\u0142owa, kt\u00f3re dzi\u015b mog\u0105 by\u0107 wsparciem dla Ciebie. B\u00f3g ukocha\u0142 ka\u017cdego, my\u015bla\u0142 o ka\u017cdym cz\u0142owieku, ju\u017c w \u0142onie jego matki, zanim kobieta dowiedzia\u0142a si\u0119, \u017ce pocz\u0119\u0142o si\u0119 w niej nowe \u017cycie.<br>Twoja historia jest wyj\u0105tkowa i nieprzypadkowa, niepowtarzalna. Nie zacz\u0119\u0142a si\u0119 z decyzj\u0105 Twojej mamy, by Ci\u0119 urodzi\u0107, zacz\u0119\u0142a si\u0119 du\u017co wcze\u015bniej, w zamy\u015ble Stw\u00f3rcy. G\u0142\u0119boko w to wierzymy. Na Twojej drodze zostali postawieni Twoi adopcyjni rodzice, by najlepiej, jak potrafi\u0105, otoczy\u0107 Ci\u0119 mi\u0142o\u015bci\u0105 i odpowiedzie\u0107 na Twoje potrzeby. Ale z\u00a0pewno\u015bci\u0105 pojawiaj\u0105 si\u0119 w Tobie pytania o Twoj\u0105 histori\u0119, o przynale\u017cno\u015b\u0107 do dw\u00f3ch rodzin &#8211; rodziny, z kt\u00f3rej pochodzisz i rodziny, kt\u00f3ra Ci\u0119 przysposobi\u0142a.<br>Czy wiesz, \u017ce w czasach staro\u017cytnych adopcja by\u0142a czym\u015b absolutnie oczywistym? Np. w pewnym okresie trwania cesarstwa, adoptowani byli kolejni cesarze Rzymu. Z\u0142oty Wiek Cesarstwa Rzymskiego obejmowa\u0142 rz\u0105dy pi\u0119ciu dobrych cesarzy: Nervy, Trajana, Hadriana, Antoniusa Piusa oraz Marka Aureliusza. Wszyscy byli adoptowani &#8211; to wtedy narodzi\u0142a si\u0119 idea cesarzy adopcyjnych, cesarz wybiera\u0142 swojego nast\u0119pc\u0119 przez adopcj\u0119, a nie przez dziedziczenie. Pos\u0142uchaj co pisa\u0142 o tym Nicolas Machiavelli: &#8222;Ci (cesarze), kt\u00f3rzy zostali wybrani przez adopcj\u0119 &#8211; wszyscy byli dobrzy, tak jak ci od Nervy do Marka; a gdy cesarstwo zn\u00f3w przesz\u0142o na dziedzic\u00f3w &#8211; zacz\u0119\u0142o popada\u0107 w ruin\u0119.&#8221; To rzuca troche inne \u015bwiat\u0142o na adopcj\u0119, prawda? A co powiedzie\u0107 o pewnym wyj\u0105tkowym Cz\u0142owieku &#8211; Bogu, kt\u00f3ry postanowi\u0142 przyj\u015b\u0107 na \u015bwiat i wychowywa\u0107 si\u0119 w rodzinie adopcyjnej, przysposobiony przez J\u00f3zefa z Nazaretu?<br><br>Je\u015bli chcesz porozmawia\u0107 o adopcji czy innych wa\u017cnych dla Ciebie sprawach, <br>je\u015bli przysposobienie odby\u0142o si\u0119 za po\u015brednictwem naszego o\u015brodka i chcesz dowiedzie\u0107 si\u0119, jakich informacji mo\u017cemy Ci udzieli\u0107, <br>zapraszamy do kontaktu.<br> <br>Zadzwo\u0144 albo napisz &#8211; na pewno znajdziemy czas, by si\u0119 z Tob\u0105 spotka\u0107. Co roku odwiedzaj\u0105 nas doro\u015bli adoptowani, aby porozmawia\u0107 o swojej historii albo po prostu opowiedzie\u0107 o obecnym etapie ich \u017cycia &#8211; czasem przy okazji w\u0142asnego \u015blubu lub oczekiwanego rodzicielstwa, czasem przy okazji wej\u015bcia w doros\u0142o\u015b\u0107 a czasem w zupe\u0142nie innych okoliczno\u015bciach. Za ka\u017cdym razem s\u0105 to wyj\u0105tkowe i wzruszaj\u0105ce spotkania.<\/p>\n\n\n\n<p class=\"has-ibm-plex-serif-font-family has-medium-font-size\" style=\"text-transform:none\">Jeste\u015bmy dla Ciebie.<\/p>\n\n\n\n<figure class=\"wp-block-image size-large\"><img decoding=\"async\" width=\"1024\" height=\"683\" src=\"https:\/\/adopcja.wroclaw.pl\/wp-content\/uploads\/20250915-DSC00242-1024x683.jpg\" alt=\"\" class=\"wp-image-1383\" srcset=\"https:\/\/adopcja.wroclaw.pl\/wp-content\/uploads\/20250915-DSC00242-1024x683.jpg 1024w, https:\/\/adopcja.wroclaw.pl\/wp-content\/uploads\/20250915-DSC00242-300x200.jpg 300w, https:\/\/adopcja.wroclaw.pl\/wp-content\/uploads\/20250915-DSC00242-768x512.jpg 768w, https:\/\/adopcja.wroclaw.pl\/wp-content\/uploads\/20250915-DSC00242-1536x1024.jpg 1536w, https:\/\/adopcja.wroclaw.pl\/wp-content\/uploads\/20250915-DSC00242-2048x1365.jpg 2048w\" sizes=\"(max-width: 1024px) 100vw, 1024px\" \/><\/figure>\n","protected":false},"excerpt":{"rendered":"<p>Witaj, Jest taki pi\u0119kny tekst w Biblii, w Ksi\u0119dze Psalm\u00f3w, kt\u00f3ry przyszed\u0142 nam na my\u015bl, gdy postanowili\u015bmy napisa\u0107 kilka s\u0142\u00f3w do Ciebie: Bo Ty m\u00f3j Bo\u017ce, jeste\u015b moj\u0105 nadziej\u0105, Panie, Tobie ufam od m\u0142odo\u015bci Ty by\u0142e\u015b moj\u0105 podpor\u0105 od dnia narodzin,Od \u0142ona matki moim opiekunem Psalm 71, 5-6 Psalmy powstawa\u0142y w staro\u017cytno\u015bci na przestrzeni ponad&#8230;<\/p>\n","protected":false},"author":1,"featured_media":0,"parent":0,"menu_order":0,"comment_status":"closed","ping_status":"closed","template":"","meta":{"footnotes":""},"class_list":["post-1091","page","type-page","status-publish","hentry"],"aioseo_notices":[],"_links":{"self":[{"href":"https:\/\/adopcja.wroclaw.pl\/index.php?rest_route=\/wp\/v2\/pages\/1091","targetHints":{"allow":["GET"]}}],"collection":[{"href":"https:\/\/adopcja.wroclaw.pl\/index.php?rest_route=\/wp\/v2\/pages"}],"about":[{"href":"https:\/\/adopcja.wroclaw.pl\/index.php?rest_route=\/wp\/v2\/types\/page"}],"author":[{"embeddable":true,"href":"https:\/\/adopcja.wroclaw.pl\/index.php?rest_route=\/wp\/v2\/users\/1"}],"replies":[{"embeddable":true,"href":"https:\/\/adopcja.wroclaw.pl\/index.php?rest_route=%2Fwp%2Fv2%2Fcomments&post=1091"}],"version-history":[{"count":4,"href":"https:\/\/adopcja.wroclaw.pl\/index.php?rest_route=\/wp\/v2\/pages\/1091\/revisions"}],"predecessor-version":[{"id":1459,"href":"https:\/\/adopcja.wroclaw.pl\/index.php?rest_route=\/wp\/v2\/pages\/1091\/revisions\/1459"}],"wp:attachment":[{"href":"https:\/\/adopcja.wroclaw.pl\/index.php?rest_route=%2Fwp%2Fv2%2Fmedia&parent=1091"}],"curies":[{"name":"wp","href":"https:\/\/api.w.org\/{rel}","templated":true}]}}